{"id":1956,"date":"2024-09-19T18:37:13","date_gmt":"2024-09-19T16:37:13","guid":{"rendered":"https:\/\/psicoloria.com\/legal-notice\/"},"modified":"2025-12-22T18:00:11","modified_gmt":"2025-12-22T17:00:11","slug":"aviso-legal","status":"publish","type":"page","link":"https:\/\/psicoloria.com\/en\/aviso-legal\/","title":{"rendered":"Legal Notice"},"content":{"rendered":"<p>[et_pb_section fb_built=&#8221;1&#8243; admin_label=&#8221;Hero Section&#8221; _builder_version=&#8221;4.27.4&#8243; background_color=&#8221;#FFFBF0&#8243; use_background_color_gradient=&#8221;on&#8221; background_color_gradient_stops=&#8221;#e8d6c2 0%|#fffbf0 100%&#8221; background_color_gradient_start=&#8221;#1bb3eb&#8221; background_color_gradient_end=&#8221;#25efcb&#8221; custom_padding=&#8221;60px|0px|60px|0px&#8221; global_colors_info=&#8221;{}&#8221;][et_pb_row _builder_version=&#8221;4.16&#8243; background_size=&#8221;initial&#8221; background_position=&#8221;top_left&#8221; background_repeat=&#8221;repeat&#8221; global_colors_info=&#8221;{}&#8221;][et_pb_column type=&#8221;4_4&#8243; _builder_version=&#8221;4.16&#8243; custom_padding=&#8221;|||&#8221; pac_dcm_carousel_specific_module_num=&#8221;0&#8243; global_colors_info=&#8221;{}&#8221; custom_padding__hover=&#8221;|||&#8221;][et_pb_text _builder_version=&#8221;4.27.4&#8243; text_font=&#8221;||||||||&#8221; text_text_color=&#8221;rgba(255,255,255,0.8)&#8221; text_font_size=&#8221;22px&#8221; text_line_height=&#8221;1.8em&#8221; header_font=&#8221;|600|||||||&#8221; header_text_color=&#8221;#27260A&#8221; header_font_size=&#8221;48px&#8221; header_line_height=&#8221;1.4em&#8221; header_3_font=&#8221;Poppins|600|||||||&#8221; header_3_font_size=&#8221;36px&#8221; header_3_line_height=&#8221;1.4em&#8221; background_layout=&#8221;dark&#8221; max_width=&#8221;600px&#8221; module_alignment=&#8221;left&#8221; custom_margin=&#8221;|||&#8221; locked=&#8221;off&#8221; global_colors_info=&#8221;{}&#8221;]<\/p>\n<h1>Legal Notice<\/h1>\n<p>[\/et_pb_text][\/et_pb_column][\/et_pb_row][\/et_pb_section][et_pb_section fb_built=&#8221;1&#8243; admin_label=&#8221;About Us Section&#8221; _builder_version=&#8221;4.27.4&#8243; background_color=&#8221;#FFFBF0&#8243; custom_padding=&#8221;110px|0px|110px|0px&#8221; global_colors_info=&#8221;{}&#8221;][et_pb_row use_custom_gutter=&#8221;on&#8221; make_equal=&#8221;on&#8221; _builder_version=&#8221;4.25.2&#8243; custom_margin=&#8221;1px|auto||auto||&#8221; custom_padding=&#8221;|||&#8221; locked=&#8221;off&#8221; global_colors_info=&#8221;{}&#8221;][et_pb_column type=&#8221;4_4&#8243; _builder_version=&#8221;4.16&#8243; custom_padding=&#8221;|||&#8221; pac_dcm_carousel_specific_module_num=&#8221;0&#8243; global_colors_info=&#8221;{}&#8221; custom_padding__hover=&#8221;|||&#8221;][et_pb_text _builder_version=&#8221;4.27.4&#8243; text_font=&#8221;||||||||&#8221; text_text_color=&#8221;#27260A&#8221; header_font=&#8221;||||||||&#8221; header_3_font=&#8221;|600|||||||&#8221; header_3_text_color=&#8221;#D89248&#8243; header_3_font_size=&#8221;36px&#8221; header_3_line_height=&#8221;1.4em&#8221; custom_padding=&#8221;0px|||||&#8221; global_colors_info=&#8221;{}&#8221;]<\/p>\n<p data-path-to-node=\"4\">This Legal Notice is intended to regulate access, navigation, and use of the website psicoloria.com (hereinafter, &#8220;the Website&#8221;).<\/p>\n<h3 data-path-to-node=\"5\">1. Identifying Data of the Owner<\/h3>\n<p>In compliance with the information duty established in Law 34\/2002, of July 11, on Information Society Services and Electronic Commerce (LSSI), the following data of the Website owner is provided:<\/p>\n<p>Owner: Mar\u00eda Mar\u00edn Delgado de Robles<\/p>\n<p>Trade Name \/ Web: psicoloria.com<\/p>\n<p>NIF: 51533110T<\/p>\n<p>Professional Address: Pr\u00edncipe de Vergara 207, 28002, Madrid<\/p>\n<p>Contact Email: <a href=\"mailto:contacto@psicoloria.com\">contacto@psicoloria.com<\/a><\/p>\n<p>&nbsp;<\/p>\n<h3 data-path-to-node=\"8\">2. Object and Acceptance<\/h3>\n<p data-path-to-node=\"9\">Accessing and using the Website confers the status of user and implies full and unreserved acceptance of this Legal Notice in the version published at the time of access.<\/p>\n<p data-path-to-node=\"10\">Furthermore, the user agrees to make appropriate use of the Website and its contents, in accordance with the law, morality, public order, and generally accepted good customs. The use of the Website for illegal purposes or those that may damage or prevent its normal operation is strictly prohibited. <\/p>\n<p data-path-to-node=\"10\">\n<h3 data-path-to-node=\"11\">3. Intellectual and Industrial Property<\/h3>\n<p data-path-to-node=\"12\">All contents, texts, photographs, graphics, videos, logos, icons, graphic design, and software of the Website (psicoloria.com) are the exclusive property of the Owner or third parties who have authorized their use.<\/p>\n<p data-path-to-node=\"13\">The reproduction, distribution, public communication, transformation, or any other activity that may be carried out with the contents of the Website without the prior, express, and written authorization of the Owner is expressly prohibited.<\/p>\n<p data-path-to-node=\"13\">\n<h3 data-path-to-node=\"14\">4. Exclusion of Guarantees and Responsibility<\/h3>\n<p data-path-to-node=\"15\">The Owner acts as a service provider of the information society. The Owner is not responsible for damages of any nature that may derive from: <\/p>\n<ul data-path-to-node=\"16\">\n<li>\n<p data-path-to-node=\"16,0,0\">The lack of availability and continuity of the Website&#8217;s operation.<\/p>\n<\/li>\n<li>\n<p data-path-to-node=\"16,1,0\">The presence of viruses or malicious software in the user&#8217;s systems.<\/p>\n<\/li>\n<li>\n<p data-path-to-node=\"16,2,0\">The illegal, negligent, or fraudulent use of this Legal Notice by the user.<\/p>\n<\/li>\n<\/ul>\n<p data-path-to-node=\"17\">Opinions expressed by users through participation tools that may be available on the web.<\/p>\n<p data-path-to-node=\"17\">\n<h3 data-path-to-node=\"18\">5. External Links<\/h3>\n<p data-path-to-node=\"19\">The Website may contain links to other sites managed by third parties. The Owner assumes no responsibility for the content, information, or services that may appear on said external sites, nor does she guarantee their technical availability, quality, or accuracy. <\/p>\n<p data-path-to-node=\"19\">\n<h3 data-path-to-node=\"20\">6. Personal Data Protection<\/h3>\n<p data-path-to-node=\"21\">The processing of users&#8217; personal data will be carried out in accordance with current legislation regarding data protection (General Data Protection Regulation &#8211; GDPR).<\/p>\n<p data-path-to-node=\"22\">All information relative to the processing of personal data, including rights of access, rectification, and erasure, is detailed in the Privacy Policy and Cookies Policy of this Website.<\/p>\n<p data-path-to-node=\"22\">\n<h3 data-path-to-node=\"23\">7. Modifications to the Legal Notice<\/h3>\n<p data-path-to-node=\"24\">The Owner reserves the right to modify this Legal Notice at any time, either due to legal requirements or changes in the provision of services. Modifications will take effect from their publication on the Website, and it is the user&#8217;s responsibility to review them periodically. <\/p>\n<p data-path-to-node=\"24\">\n<h3 data-path-to-node=\"25\">8. Applicable Law and Jurisdiction<\/h3>\n<p data-path-to-node=\"26\">For the resolution of all controversies or questions related to this Website or the activities developed therein, Spanish legislation shall apply.<\/p>\n<p data-path-to-node=\"27\">The parties submit, expressly waiving any other jurisdiction, to the Courts and Tribunals of the city of Madrid (Spain).<\/p>\n<p>&nbsp;<\/p>\n<p>[\/et_pb_text][\/et_pb_column][\/et_pb_row][et_pb_row _builder_version=&#8221;4.27.4&#8243; _module_preset=&#8221;default&#8221; locked=&#8221;off&#8221; global_colors_info=&#8221;{}&#8221;][et_pb_column type=&#8221;4_4&#8243; _builder_version=&#8221;4.27.4&#8243; _module_preset=&#8221;default&#8221; pac_dcm_carousel_specific_module_num=&#8221;0&#8243; global_colors_info=&#8221;{}&#8221;][et_pb_button button_url=&#8221;https:\/\/psicoloria.com\/contact\/&#8221; button_text=&#8221;Contact me&#8221; button_alignment=&#8221;left&#8221; disabled_on=&#8221;on|on|off&#8221; admin_label=&#8221;Bot\u00f3n&#8221; _builder_version=&#8221;4.27.4&#8243; _module_preset=&#8221;default&#8221; custom_button=&#8221;on&#8221; button_text_size=&#8221;20px&#8221; button_text_color=&#8221;#FFFBF0&#8243; button_bg_color=&#8221;#D89248&#8243; button_border_width=&#8221;0px&#8221; button_border_radius=&#8221;89px&#8221; button_use_icon=&#8221;off&#8221; position_origin_f=&#8221;bottom_right&#8221; vertical_offset=&#8221;33px&#8221; horizontal_offset=&#8221;40px&#8221; custom_margin=&#8221;|3px|1px|-1px||&#8221; custom_padding=&#8221;0px|||||&#8221; button_text_size_tablet=&#8221;25px&#8221; button_text_size_phone=&#8221;20px&#8221; button_text_size_last_edited=&#8221;on|desktop&#8221; locked=&#8221;off&#8221; global_colors_info=&#8221;{}&#8221;][\/et_pb_button][et_pb_image src=&#8221;https:\/\/psicoloria.com\/wp-content\/uploads\/2025\/12\/Isotipo_Dark-Khaki-scaled.png&#8221; title_text=&#8221;Isotipo_Dark Khaki&#8221; admin_label=&#8221;Imagen&#8221; _builder_version=&#8221;4.27.4&#8243; _module_preset=&#8221;default&#8221; width=&#8221;26.5%&#8221; custom_margin=&#8221;|8px||||&#8221; border_radii=&#8221;off|302px|226px|306px|222px&#8221; border_color_all=&#8221;#FFFBF0&#8243; locked=&#8221;off&#8221; global_colors_info=&#8221;{}&#8221;][\/et_pb_image][\/et_pb_column][\/et_pb_row][\/et_pb_section]<\/p>\n","protected":false},"excerpt":{"rendered":"<p>Legal NoticeThis Legal Notice is intended to regulate access, navigation, and use of the website psicoloria.com (hereinafter, &#8220;the Website&#8221;). 1. Identifying Data of the Owner In compliance with the information duty established in Law 34\/2002, of July 11, on Information Society Services and Electronic Commerce (LSSI), the following data of the Website owner is provided: [&hellip;]<\/p>\n","protected":false},"author":1,"featured_media":0,"parent":0,"menu_order":0,"comment_status":"closed","ping_status":"closed","template":"","meta":{"_et_pb_use_builder":"on","_et_pb_old_content":"","_et_gb_content_width":"","footnotes":""},"class_list":["post-1956","page","type-page","status-publish","hentry"],"yoast_head":"<!-- This site is optimized with the Yoast SEO plugin v27.4 - https:\/\/yoast.com\/product\/yoast-seo-wordpress\/ -->\n<title>Legal Notice - psicoloRia | Psicolog\u00eda, yoga y meditaci\u00f3n<\/title>\n<meta name=\"description\" content=\"El presente Aviso Legal tiene por objeto regular el acceso, la navegaci\u00f3n y el uso del sitio web psicoloria.com.\" \/>\n<meta name=\"robots\" content=\"index, follow, max-snippet:-1, max-image-preview:large, max-video-preview:-1\" \/>\n<link rel=\"canonical\" href=\"https:\/\/psicoloria.com\/en\/aviso-legal\/\" \/>\n<meta property=\"og:locale\" content=\"en_US\" \/>\n<meta property=\"og:type\" content=\"article\" \/>\n<meta property=\"og:title\" content=\"Legal Notice - psicoloRia | Psicolog\u00eda, yoga y meditaci\u00f3n\" \/>\n<meta property=\"og:description\" content=\"El presente Aviso Legal tiene por objeto regular el acceso, la navegaci\u00f3n y el uso del sitio web psicoloria.com.\" \/>\n<meta property=\"og:url\" content=\"https:\/\/psicoloria.com\/en\/aviso-legal\/\" \/>\n<meta property=\"og:site_name\" content=\"psicoloRia | Psicolog\u00eda, yoga y meditaci\u00f3n\" \/>\n<meta property=\"article:publisher\" content=\"https:\/\/facebook.com\/profile.php?id=61557112541742\" \/>\n<meta property=\"article:modified_time\" content=\"2025-12-22T17:00:11+00:00\" \/>\n<meta property=\"og:image\" content=\"https:\/\/psicoloria.com\/wp-content\/uploads\/2025\/12\/Isotipo_Dark-Khaki-scaled.png\" \/>\n\t<meta property=\"og:image:width\" content=\"2560\" \/>\n\t<meta property=\"og:image:height\" content=\"2048\" \/>\n\t<meta property=\"og:image:type\" content=\"image\/png\" \/>\n<meta name=\"twitter:card\" content=\"summary_large_image\" \/>\n<meta name=\"twitter:label1\" content=\"Est. reading time\" \/>\n\t<meta name=\"twitter:data1\" content=\"3 minutes\" \/>\n<script type=\"application\/ld+json\" class=\"yoast-schema-graph\">{\"@context\":\"https:\\\/\\\/schema.org\",\"@graph\":[{\"@type\":\"WebPage\",\"@id\":\"https:\\\/\\\/psicoloria.com\\\/en\\\/aviso-legal\\\/\",\"url\":\"https:\\\/\\\/psicoloria.com\\\/en\\\/aviso-legal\\\/\",\"name\":\"Legal Notice - psicoloRia | Psicolog\u00eda, yoga y meditaci\u00f3n\",\"isPartOf\":{\"@id\":\"https:\\\/\\\/psicoloria.com\\\/en\\\/#website\"},\"datePublished\":\"2024-09-19T16:37:13+00:00\",\"dateModified\":\"2025-12-22T17:00:11+00:00\",\"description\":\"El presente Aviso Legal tiene por objeto regular el acceso, la navegaci\u00f3n y el uso del sitio web psicoloria.com.\",\"breadcrumb\":{\"@id\":\"https:\\\/\\\/psicoloria.com\\\/en\\\/aviso-legal\\\/#breadcrumb\"},\"inLanguage\":\"en-US\",\"potentialAction\":[{\"@type\":\"ReadAction\",\"target\":[\"https:\\\/\\\/psicoloria.com\\\/en\\\/aviso-legal\\\/\"]}]},{\"@type\":\"BreadcrumbList\",\"@id\":\"https:\\\/\\\/psicoloria.com\\\/en\\\/aviso-legal\\\/#breadcrumb\",\"itemListElement\":[{\"@type\":\"ListItem\",\"position\":1,\"name\":\"Portada\",\"item\":\"https:\\\/\\\/psicoloria.com\\\/en\\\/\"},{\"@type\":\"ListItem\",\"position\":2,\"name\":\"Legal Notice\"}]},{\"@type\":\"WebSite\",\"@id\":\"https:\\\/\\\/psicoloria.com\\\/en\\\/#website\",\"url\":\"https:\\\/\\\/psicoloria.com\\\/en\\\/\",\"name\":\"psicoloRia\",\"description\":\"Terapia psicol\u00f3gica y clases de yoga y meditaci\u00f3n online y presencial\",\"publisher\":{\"@id\":\"https:\\\/\\\/psicoloria.com\\\/en\\\/#organization\"},\"potentialAction\":[{\"@type\":\"SearchAction\",\"target\":{\"@type\":\"EntryPoint\",\"urlTemplate\":\"https:\\\/\\\/psicoloria.com\\\/en\\\/?s={search_term_string}\"},\"query-input\":{\"@type\":\"PropertyValueSpecification\",\"valueRequired\":true,\"valueName\":\"search_term_string\"}}],\"inLanguage\":\"en-US\"},{\"@type\":\"Organization\",\"@id\":\"https:\\\/\\\/psicoloria.com\\\/en\\\/#organization\",\"name\":\"psicoloRia\",\"url\":\"https:\\\/\\\/psicoloria.com\\\/en\\\/\",\"logo\":{\"@type\":\"ImageObject\",\"inLanguage\":\"en-US\",\"@id\":\"https:\\\/\\\/psicoloria.com\\\/en\\\/#\\\/schema\\\/logo\\\/image\\\/\",\"url\":\"https:\\\/\\\/psicoloria.com\\\/wp-content\\\/uploads\\\/2025\\\/12\\\/Isotipo_Dark-Khaki-scaled.png\",\"contentUrl\":\"https:\\\/\\\/psicoloria.com\\\/wp-content\\\/uploads\\\/2025\\\/12\\\/Isotipo_Dark-Khaki-scaled.png\",\"width\":2560,\"height\":2048,\"caption\":\"psicoloRia\"},\"image\":{\"@id\":\"https:\\\/\\\/psicoloria.com\\\/en\\\/#\\\/schema\\\/logo\\\/image\\\/\"},\"sameAs\":[\"https:\\\/\\\/facebook.com\\\/profile.php?id=61557112541742\",\"https:\\\/\\\/instagram.com\\\/psicoloria__\",\"https:\\\/\\\/tiktok.com\\\/@psicoloria\",\"https:\\\/\\\/www.youtube.com\\\/@PsicoloRia\",\"https:\\\/\\\/linkedin.com\\\/company\\\/psicoloria\"]}]}<\/script>\n<!-- \/ Yoast SEO plugin. -->","yoast_head_json":{"title":"Legal Notice - psicoloRia | Psicolog\u00eda, yoga y meditaci\u00f3n","description":"El presente Aviso Legal tiene por objeto regular el acceso, la navegaci\u00f3n y el uso del sitio web psicoloria.com.","robots":{"index":"index","follow":"follow","max-snippet":"max-snippet:-1","max-image-preview":"max-image-preview:large","max-video-preview":"max-video-preview:-1"},"canonical":"https:\/\/psicoloria.com\/en\/aviso-legal\/","og_locale":"en_US","og_type":"article","og_title":"Legal Notice - psicoloRia | Psicolog\u00eda, yoga y meditaci\u00f3n","og_description":"El presente Aviso Legal tiene por objeto regular el acceso, la navegaci\u00f3n y el uso del sitio web psicoloria.com.","og_url":"https:\/\/psicoloria.com\/en\/aviso-legal\/","og_site_name":"psicoloRia | Psicolog\u00eda, yoga y meditaci\u00f3n","article_publisher":"https:\/\/facebook.com\/profile.php?id=61557112541742","article_modified_time":"2025-12-22T17:00:11+00:00","og_image":[{"width":2560,"height":2048,"url":"https:\/\/psicoloria.com\/wp-content\/uploads\/2025\/12\/Isotipo_Dark-Khaki-scaled.png","type":"image\/png"}],"twitter_card":"summary_large_image","twitter_misc":{"Est. reading time":"3 minutes"},"schema":{"@context":"https:\/\/schema.org","@graph":[{"@type":"WebPage","@id":"https:\/\/psicoloria.com\/en\/aviso-legal\/","url":"https:\/\/psicoloria.com\/en\/aviso-legal\/","name":"Legal Notice - psicoloRia | Psicolog\u00eda, yoga y meditaci\u00f3n","isPartOf":{"@id":"https:\/\/psicoloria.com\/en\/#website"},"datePublished":"2024-09-19T16:37:13+00:00","dateModified":"2025-12-22T17:00:11+00:00","description":"El presente Aviso Legal tiene por objeto regular el acceso, la navegaci\u00f3n y el uso del sitio web psicoloria.com.","breadcrumb":{"@id":"https:\/\/psicoloria.com\/en\/aviso-legal\/#breadcrumb"},"inLanguage":"en-US","potentialAction":[{"@type":"ReadAction","target":["https:\/\/psicoloria.com\/en\/aviso-legal\/"]}]},{"@type":"BreadcrumbList","@id":"https:\/\/psicoloria.com\/en\/aviso-legal\/#breadcrumb","itemListElement":[{"@type":"ListItem","position":1,"name":"Portada","item":"https:\/\/psicoloria.com\/en\/"},{"@type":"ListItem","position":2,"name":"Legal Notice"}]},{"@type":"WebSite","@id":"https:\/\/psicoloria.com\/en\/#website","url":"https:\/\/psicoloria.com\/en\/","name":"psicoloRia","description":"Terapia psicol\u00f3gica y clases de yoga y meditaci\u00f3n online y presencial","publisher":{"@id":"https:\/\/psicoloria.com\/en\/#organization"},"potentialAction":[{"@type":"SearchAction","target":{"@type":"EntryPoint","urlTemplate":"https:\/\/psicoloria.com\/en\/?s={search_term_string}"},"query-input":{"@type":"PropertyValueSpecification","valueRequired":true,"valueName":"search_term_string"}}],"inLanguage":"en-US"},{"@type":"Organization","@id":"https:\/\/psicoloria.com\/en\/#organization","name":"psicoloRia","url":"https:\/\/psicoloria.com\/en\/","logo":{"@type":"ImageObject","inLanguage":"en-US","@id":"https:\/\/psicoloria.com\/en\/#\/schema\/logo\/image\/","url":"https:\/\/psicoloria.com\/wp-content\/uploads\/2025\/12\/Isotipo_Dark-Khaki-scaled.png","contentUrl":"https:\/\/psicoloria.com\/wp-content\/uploads\/2025\/12\/Isotipo_Dark-Khaki-scaled.png","width":2560,"height":2048,"caption":"psicoloRia"},"image":{"@id":"https:\/\/psicoloria.com\/en\/#\/schema\/logo\/image\/"},"sameAs":["https:\/\/facebook.com\/profile.php?id=61557112541742","https:\/\/instagram.com\/psicoloria__","https:\/\/tiktok.com\/@psicoloria","https:\/\/www.youtube.com\/@PsicoloRia","https:\/\/linkedin.com\/company\/psicoloria"]}]}},"_links":{"self":[{"href":"https:\/\/psicoloria.com\/en\/wp-json\/wp\/v2\/pages\/1956","targetHints":{"allow":["GET"]}}],"collection":[{"href":"https:\/\/psicoloria.com\/en\/wp-json\/wp\/v2\/pages"}],"about":[{"href":"https:\/\/psicoloria.com\/en\/wp-json\/wp\/v2\/types\/page"}],"author":[{"embeddable":true,"href":"https:\/\/psicoloria.com\/en\/wp-json\/wp\/v2\/users\/1"}],"replies":[{"embeddable":true,"href":"https:\/\/psicoloria.com\/en\/wp-json\/wp\/v2\/comments?post=1956"}],"version-history":[{"count":19,"href":"https:\/\/psicoloria.com\/en\/wp-json\/wp\/v2\/pages\/1956\/revisions"}],"predecessor-version":[{"id":3921,"href":"https:\/\/psicoloria.com\/en\/wp-json\/wp\/v2\/pages\/1956\/revisions\/3921"}],"wp:attachment":[{"href":"https:\/\/psicoloria.com\/en\/wp-json\/wp\/v2\/media?parent=1956"}],"curies":[{"name":"wp","href":"https:\/\/api.w.org\/{rel}","templated":true}]}}