{"id":1252,"date":"2022-03-10T08:20:01","date_gmt":"2022-03-10T07:20:01","guid":{"rendered":"https:\/\/psicoloria.com\/privacy-policy\/"},"modified":"2025-12-22T17:46:44","modified_gmt":"2025-12-22T16:46:44","slug":"politica-de-privacidad","status":"publish","type":"page","link":"https:\/\/psicoloria.com\/en\/politica-de-privacidad\/","title":{"rendered":"Privacy Policy"},"content":{"rendered":"<p>[et_pb_section fb_built=&#8221;1&#8243; admin_label=&#8221;Hero Section&#8221; _builder_version=&#8221;4.27.4&#8243; background_color=&#8221;#FFFBF0&#8243; use_background_color_gradient=&#8221;on&#8221; background_color_gradient_stops=&#8221;#e8d6c2 0%|#fffbf0 100%&#8221; background_color_gradient_start=&#8221;#1bb3eb&#8221; background_color_gradient_end=&#8221;#25efcb&#8221; custom_padding=&#8221;60px|0px|60px|0px&#8221; global_colors_info=&#8221;{}&#8221;][et_pb_row _builder_version=&#8221;4.16&#8243; background_size=&#8221;initial&#8221; background_position=&#8221;top_left&#8221; background_repeat=&#8221;repeat&#8221; global_colors_info=&#8221;{}&#8221;][et_pb_column type=&#8221;4_4&#8243; _builder_version=&#8221;4.16&#8243; custom_padding=&#8221;|||&#8221; pac_dcm_carousel_specific_module_num=&#8221;0&#8243; global_colors_info=&#8221;{}&#8221; custom_padding__hover=&#8221;|||&#8221;][et_pb_text _builder_version=&#8221;4.27.4&#8243; text_font=&#8221;||||||||&#8221; text_text_color=&#8221;rgba(255,255,255,0.8)&#8221; text_font_size=&#8221;22px&#8221; text_line_height=&#8221;1.8em&#8221; header_font=&#8221;|600|||||||&#8221; header_text_color=&#8221;#27260A&#8221; header_font_size=&#8221;48px&#8221; header_line_height=&#8221;1.4em&#8221; header_3_font=&#8221;Poppins|600|||||||&#8221; header_3_font_size=&#8221;36px&#8221; header_3_line_height=&#8221;1.4em&#8221; background_layout=&#8221;dark&#8221; max_width=&#8221;600px&#8221; module_alignment=&#8221;left&#8221; custom_margin=&#8221;|||&#8221; locked=&#8221;off&#8221; global_colors_info=&#8221;{}&#8221;]<\/p>\n<h1>Privacy Policy<\/h1>\n<p>[\/et_pb_text][\/et_pb_column][\/et_pb_row][\/et_pb_section][et_pb_section fb_built=&#8221;1&#8243; admin_label=&#8221;About Us Section&#8221; _builder_version=&#8221;4.27.4&#8243; background_color=&#8221;#FFFBF0&#8243; custom_padding=&#8221;110px|0px|110px|0px&#8221; global_colors_info=&#8221;{}&#8221;][et_pb_row use_custom_gutter=&#8221;on&#8221; make_equal=&#8221;on&#8221; _builder_version=&#8221;4.25.2&#8243; custom_padding=&#8221;|||&#8221; locked=&#8221;off&#8221; global_colors_info=&#8221;{}&#8221;][et_pb_column type=&#8221;4_4&#8243; _builder_version=&#8221;4.16&#8243; custom_padding=&#8221;|||&#8221; pac_dcm_carousel_specific_module_num=&#8221;0&#8243; global_colors_info=&#8221;{}&#8221; custom_padding__hover=&#8221;|||&#8221;][et_pb_text _builder_version=&#8221;4.27.4&#8243; text_font=&#8221;||||||||&#8221; header_font=&#8221;||||||||&#8221; header_3_font=&#8221;|600|||||||&#8221; header_3_text_color=&#8221;#D89248&#8243; header_3_font_size=&#8221;36px&#8221; header_3_line_height=&#8221;1.4em&#8221; global_colors_info=&#8221;{}&#8221;]<\/p>\n<h3 data-path-to-node=\"4\">I. Identification and Contact of the Data Controller<\/h3>\n<p data-path-to-node=\"5\">The person responsible for processing your data is the natural person who manages psicoloRia:<\/p>\n<p>Owner: Mar\u00eda Mar\u00edn Delgado de Robles<\/p>\n<p>Trade Name \/ Web: https:\/\/www.google.com\/search?q=psicoloria.com<\/p>\n<p>NIF: 51533110T<\/p>\n<p>Professional Address: Pr\u00edncipe de Vergara 207, 28002, Madrid<\/p>\n<p>Contact Email: <a href=\"mailto:contacto@psicoloria.com\">contacto@psicoloria.com<\/a><\/p>\n<p>&nbsp;<\/p>\n<h3 data-path-to-node=\"7\">II. Purposes of Treatment and Legal Basis <\/h3>\n<p data-path-to-node=\"8\">At psicoloRia, we process your personal data for the following purposes and under the legal basis that legitimizes it according to the General Data Protection Regulation (GDPR):<\/p>\n<ol start=\"1\" data-path-to-node=\"9\">\n<li>\n<p data-path-to-node=\"9,0,0\">Responding to Contact Inquiries: The purpose is to manage and respond to requests, doubts, or inquiries sent through forms or email. The legal basis for this treatment is the Consent of the interested party by sending the request. <\/p>\n<\/li>\n<li>\n<p data-path-to-node=\"9,1,0\">Provision of the Contracted Service (Appointments and Sessions): The purpose is to manage the booking, payment, and delivery of therapy, yoga, or talk services. The legal basis is the Execution of a service contract between you and psicoloRia. <\/p>\n<\/li>\n<li>\n<p data-path-to-node=\"9,2,0\">Processing of Health Data (Psychology): The purpose is to provide psychological diagnosis and treatment services. The legal basis for processing this special category data (health) is your Explicit Consent and Reasons of Essential Public Interest in the field of health, as they are handled by a health professional subject to professional secrecy. <\/p>\n<\/li>\n<li>\n<p data-path-to-node=\"9,3,0\">Compliance with Legal Obligations: The purpose is to manage tax and accounting documentation. The legal basis is a Legal Obligation to comply with Spanish tax and accounting laws. <\/p>\n<\/li>\n<\/ol>\n<p>&nbsp;<\/p>\n<h3 data-path-to-node=\"10\">III. Recipients and Data Processors <\/h3>\n<p data-path-to-node=\"11\">Your personal data will not be transferred to third parties unless there is a legal obligation. To operate and offer my services, I use external platforms that act under my instructions as Data Processors. <\/p>\n<ul data-path-to-node=\"12\">\n<li>\n<p data-path-to-node=\"12,0,0\">Appointment Management: I use Google Calendar to coordinate and book appointments. Google acts as a Data Processor under the terms of its privacy policy. <\/p>\n<\/li>\n<li>\n<p data-path-to-node=\"12,1,0\">Hosting Services: The website is hosted by [Name of your Hosting], which guarantees the security measures required by the GDPR.<\/p>\n<\/li>\n<\/ul>\n<p>&nbsp;<\/p>\n<h3 data-path-to-node=\"13\">IV. Data Retention Period <\/h3>\n<p data-path-to-node=\"14\">We will keep your data for the time strictly necessary to fulfill the purposes for which it was collected:<\/p>\n<ul data-path-to-node=\"15\">\n<li>\n<p data-path-to-node=\"15,0,0\">Medical Records (Health Data): These will be kept for a minimum of 5 years from the date of discharge or the end of the therapeutic relationship, in compliance with applicable health regulations.<\/p>\n<\/li>\n<li>\n<p data-path-to-node=\"15,1,0\">Invoicing Data and Legal Obligations: These will be kept for the period legally established by tax and accounting regulations (generally 4 to 5 years).<\/p>\n<\/li>\n<li>\n<p data-path-to-node=\"15,2,0\">Contact Data (Inquiries): These will be kept until the inquiry has been answered, unless it results in the hiring of a service.<\/p>\n<\/li>\n<\/ul>\n<p>&nbsp;<\/p>\n<h3 data-path-to-node=\"16\">V. Rights of the Interested Party<\/h3>\n<p data-path-to-node=\"17\">You may exercise your rights of Access, Rectification, Erasure (Right to be Forgotten), Objection, Limitation of Treatment, and Portability at any time by sending an email to contacto@psicoloria.com with the subject &#8220;Exercise of GDPR Rights&#8221; and including a copy of your identity document.<\/p>\n<p data-path-to-node=\"18\">Additionally, you have the right to file a claim with the Spanish Data Protection Agency (AEPD) if you consider that your rights have not been properly addressed.<\/p>\n<p>[\/et_pb_text][\/et_pb_column][\/et_pb_row][et_pb_row _builder_version=&#8221;4.27.4&#8243; _module_preset=&#8221;default&#8221; global_colors_info=&#8221;{}&#8221; locked=&#8221;off&#8221;][et_pb_column type=&#8221;4_4&#8243; _builder_version=&#8221;4.27.4&#8243; _module_preset=&#8221;default&#8221; pac_dcm_carousel_specific_module_num=&#8221;0&#8243; global_colors_info=&#8221;{}&#8221;][et_pb_button button_url=&#8221;&lt;!&#8211;&#91;CDATA&#91;https:\/\/psicoloria.com\/contacto\/&#93;&#93;&#8211;&gt;&#8221; button_text=&#8221;Contact me&#8221; button_alignment=&#8221;left&#8221; disabled_on=&#8221;on|on|off&#8221; admin_label=&#8221;Bot\u00f3n&#8221; _builder_version=&#8221;4.27.4&#8243; _module_preset=&#8221;default&#8221; custom_button=&#8221;on&#8221; button_text_size=&#8221;20px&#8221; button_text_color=&#8221;#FFFBF0&#8243; button_bg_color=&#8221;#D89248&#8243; button_border_width=&#8221;0px&#8221; button_border_radius=&#8221;89px&#8221; button_use_icon=&#8221;off&#8221; position_origin_f=&#8221;bottom_right&#8221; vertical_offset=&#8221;33px&#8221; horizontal_offset=&#8221;40px&#8221; custom_margin=&#8221;|3px|1px|-1px||&#8221; custom_padding=&#8221;0px|||||&#8221; button_text_size_tablet=&#8221;25px&#8221; button_text_size_phone=&#8221;20px&#8221; button_text_size_last_edited=&#8221;on|desktop&#8221; locked=&#8221;off&#8221; global_colors_info=&#8221;{}&#8221;][\/et_pb_button][et_pb_image src=&#8221;https:\/\/psicoloria.com\/wp-content\/uploads\/2025\/12\/Isotipo_Dark-Khaki-scaled.png&#8221; title_text=&#8221;Isotipo_Dark Khaki&#8221; admin_label=&#8221;Imagen&#8221; _builder_version=&#8221;4.27.4&#8243; _module_preset=&#8221;default&#8221; width=&#8221;26.5%&#8221; custom_margin=&#8221;|8px||||&#8221; border_radii=&#8221;off|302px|226px|306px|222px&#8221; border_color_all=&#8221;#FFFBF0&#8243; locked=&#8221;off&#8221; global_colors_info=&#8221;{}&#8221;][\/et_pb_image][\/et_pb_column][\/et_pb_row][\/et_pb_section]<\/p>\n","protected":false},"excerpt":{"rendered":"<p>Privacy PolicyI. Identification and Contact of the Data Controller The person responsible for processing your data is the natural person who manages psicoloRia: Owner: Mar\u00eda Mar\u00edn Delgado de Robles Trade Name \/ Web: https:\/\/www.google.com\/search?q=psicoloria.com NIF: 51533110T Professional Address: Pr\u00edncipe de Vergara 207, 28002, Madrid Contact Email: contacto@psicoloria.com &nbsp; II. Purposes of Treatment and Legal Basis [&hellip;]<\/p>\n","protected":false},"author":1,"featured_media":0,"parent":0,"menu_order":0,"comment_status":"closed","ping_status":"closed","template":"","meta":{"_et_pb_use_builder":"on","_et_pb_old_content":"","_et_gb_content_width":"","footnotes":""},"class_list":["post-1252","page","type-page","status-publish","hentry"],"yoast_head":"<!-- This site is optimized with the Yoast SEO plugin v27.4 - https:\/\/yoast.com\/product\/yoast-seo-wordpress\/ -->\n<title>Privacy Policy - psicoloRia | Psicolog\u00eda, yoga y meditaci\u00f3n<\/title>\n<meta name=\"description\" content=\"Check Psicolor\u00eda&#039;s privacy policy and find out how we protect your personal data in our therapies and online services.\" \/>\n<meta name=\"robots\" content=\"index, follow, max-snippet:-1, max-image-preview:large, max-video-preview:-1\" \/>\n<link rel=\"canonical\" href=\"https:\/\/psicoloria.com\/en\/politica-de-privacidad\/\" \/>\n<meta property=\"og:locale\" content=\"en_US\" \/>\n<meta property=\"og:type\" content=\"article\" \/>\n<meta property=\"og:title\" content=\"Privacy Policy - psicoloRia | Psicolog\u00eda, yoga y meditaci\u00f3n\" \/>\n<meta property=\"og:description\" content=\"Check Psicolor\u00eda&#039;s privacy policy and find out how we protect your personal data in our therapies and online services.\" \/>\n<meta property=\"og:url\" content=\"https:\/\/psicoloria.com\/en\/politica-de-privacidad\/\" \/>\n<meta property=\"og:site_name\" content=\"psicoloRia | Psicolog\u00eda, yoga y meditaci\u00f3n\" \/>\n<meta property=\"article:publisher\" content=\"https:\/\/facebook.com\/profile.php?id=61557112541742\" \/>\n<meta property=\"article:modified_time\" content=\"2025-12-22T16:46:44+00:00\" \/>\n<meta property=\"og:image\" content=\"https:\/\/psicoloria.com\/wp-content\/uploads\/2025\/12\/Isotipo_Dark-Khaki-scaled.png\" \/>\n\t<meta property=\"og:image:width\" content=\"2560\" \/>\n\t<meta property=\"og:image:height\" content=\"2048\" \/>\n\t<meta property=\"og:image:type\" content=\"image\/png\" \/>\n<meta name=\"twitter:card\" content=\"summary_large_image\" \/>\n<meta name=\"twitter:label1\" content=\"Est. reading time\" \/>\n\t<meta name=\"twitter:data1\" content=\"3 minutes\" \/>\n<script type=\"application\/ld+json\" class=\"yoast-schema-graph\">{\"@context\":\"https:\\\/\\\/schema.org\",\"@graph\":[{\"@type\":\"WebPage\",\"@id\":\"https:\\\/\\\/psicoloria.com\\\/en\\\/politica-de-privacidad\\\/\",\"url\":\"https:\\\/\\\/psicoloria.com\\\/en\\\/politica-de-privacidad\\\/\",\"name\":\"Privacy Policy - psicoloRia | Psicolog\u00eda, yoga y meditaci\u00f3n\",\"isPartOf\":{\"@id\":\"https:\\\/\\\/psicoloria.com\\\/en\\\/#website\"},\"datePublished\":\"2022-03-10T07:20:01+00:00\",\"dateModified\":\"2025-12-22T16:46:44+00:00\",\"description\":\"Check Psicolor\u00eda's privacy policy and find out how we protect your personal data in our therapies and online services.\",\"breadcrumb\":{\"@id\":\"https:\\\/\\\/psicoloria.com\\\/en\\\/politica-de-privacidad\\\/#breadcrumb\"},\"inLanguage\":\"en-US\",\"potentialAction\":[{\"@type\":\"ReadAction\",\"target\":[\"https:\\\/\\\/psicoloria.com\\\/en\\\/politica-de-privacidad\\\/\"]}]},{\"@type\":\"BreadcrumbList\",\"@id\":\"https:\\\/\\\/psicoloria.com\\\/en\\\/politica-de-privacidad\\\/#breadcrumb\",\"itemListElement\":[{\"@type\":\"ListItem\",\"position\":1,\"name\":\"Portada\",\"item\":\"https:\\\/\\\/psicoloria.com\\\/en\\\/\"},{\"@type\":\"ListItem\",\"position\":2,\"name\":\"Privacy Policy\"}]},{\"@type\":\"WebSite\",\"@id\":\"https:\\\/\\\/psicoloria.com\\\/en\\\/#website\",\"url\":\"https:\\\/\\\/psicoloria.com\\\/en\\\/\",\"name\":\"psicoloRia\",\"description\":\"Terapia psicol\u00f3gica y clases de yoga y meditaci\u00f3n online y presencial\",\"publisher\":{\"@id\":\"https:\\\/\\\/psicoloria.com\\\/en\\\/#organization\"},\"potentialAction\":[{\"@type\":\"SearchAction\",\"target\":{\"@type\":\"EntryPoint\",\"urlTemplate\":\"https:\\\/\\\/psicoloria.com\\\/en\\\/?s={search_term_string}\"},\"query-input\":{\"@type\":\"PropertyValueSpecification\",\"valueRequired\":true,\"valueName\":\"search_term_string\"}}],\"inLanguage\":\"en-US\"},{\"@type\":\"Organization\",\"@id\":\"https:\\\/\\\/psicoloria.com\\\/en\\\/#organization\",\"name\":\"psicoloRia\",\"url\":\"https:\\\/\\\/psicoloria.com\\\/en\\\/\",\"logo\":{\"@type\":\"ImageObject\",\"inLanguage\":\"en-US\",\"@id\":\"https:\\\/\\\/psicoloria.com\\\/en\\\/#\\\/schema\\\/logo\\\/image\\\/\",\"url\":\"https:\\\/\\\/psicoloria.com\\\/wp-content\\\/uploads\\\/2025\\\/12\\\/Isotipo_Dark-Khaki-scaled.png\",\"contentUrl\":\"https:\\\/\\\/psicoloria.com\\\/wp-content\\\/uploads\\\/2025\\\/12\\\/Isotipo_Dark-Khaki-scaled.png\",\"width\":2560,\"height\":2048,\"caption\":\"psicoloRia\"},\"image\":{\"@id\":\"https:\\\/\\\/psicoloria.com\\\/en\\\/#\\\/schema\\\/logo\\\/image\\\/\"},\"sameAs\":[\"https:\\\/\\\/facebook.com\\\/profile.php?id=61557112541742\",\"https:\\\/\\\/instagram.com\\\/psicoloria__\",\"https:\\\/\\\/tiktok.com\\\/@psicoloria\",\"https:\\\/\\\/www.youtube.com\\\/@PsicoloRia\",\"https:\\\/\\\/linkedin.com\\\/company\\\/psicoloria\"]}]}<\/script>\n<!-- \/ Yoast SEO plugin. -->","yoast_head_json":{"title":"Privacy Policy - psicoloRia | Psicolog\u00eda, yoga y meditaci\u00f3n","description":"Check Psicolor\u00eda's privacy policy and find out how we protect your personal data in our therapies and online services.","robots":{"index":"index","follow":"follow","max-snippet":"max-snippet:-1","max-image-preview":"max-image-preview:large","max-video-preview":"max-video-preview:-1"},"canonical":"https:\/\/psicoloria.com\/en\/politica-de-privacidad\/","og_locale":"en_US","og_type":"article","og_title":"Privacy Policy - psicoloRia | Psicolog\u00eda, yoga y meditaci\u00f3n","og_description":"Check Psicolor\u00eda's privacy policy and find out how we protect your personal data in our therapies and online services.","og_url":"https:\/\/psicoloria.com\/en\/politica-de-privacidad\/","og_site_name":"psicoloRia | Psicolog\u00eda, yoga y meditaci\u00f3n","article_publisher":"https:\/\/facebook.com\/profile.php?id=61557112541742","article_modified_time":"2025-12-22T16:46:44+00:00","og_image":[{"width":2560,"height":2048,"url":"https:\/\/psicoloria.com\/wp-content\/uploads\/2025\/12\/Isotipo_Dark-Khaki-scaled.png","type":"image\/png"}],"twitter_card":"summary_large_image","twitter_misc":{"Est. reading time":"3 minutes"},"schema":{"@context":"https:\/\/schema.org","@graph":[{"@type":"WebPage","@id":"https:\/\/psicoloria.com\/en\/politica-de-privacidad\/","url":"https:\/\/psicoloria.com\/en\/politica-de-privacidad\/","name":"Privacy Policy - psicoloRia | Psicolog\u00eda, yoga y meditaci\u00f3n","isPartOf":{"@id":"https:\/\/psicoloria.com\/en\/#website"},"datePublished":"2022-03-10T07:20:01+00:00","dateModified":"2025-12-22T16:46:44+00:00","description":"Check Psicolor\u00eda's privacy policy and find out how we protect your personal data in our therapies and online services.","breadcrumb":{"@id":"https:\/\/psicoloria.com\/en\/politica-de-privacidad\/#breadcrumb"},"inLanguage":"en-US","potentialAction":[{"@type":"ReadAction","target":["https:\/\/psicoloria.com\/en\/politica-de-privacidad\/"]}]},{"@type":"BreadcrumbList","@id":"https:\/\/psicoloria.com\/en\/politica-de-privacidad\/#breadcrumb","itemListElement":[{"@type":"ListItem","position":1,"name":"Portada","item":"https:\/\/psicoloria.com\/en\/"},{"@type":"ListItem","position":2,"name":"Privacy Policy"}]},{"@type":"WebSite","@id":"https:\/\/psicoloria.com\/en\/#website","url":"https:\/\/psicoloria.com\/en\/","name":"psicoloRia","description":"Terapia psicol\u00f3gica y clases de yoga y meditaci\u00f3n online y presencial","publisher":{"@id":"https:\/\/psicoloria.com\/en\/#organization"},"potentialAction":[{"@type":"SearchAction","target":{"@type":"EntryPoint","urlTemplate":"https:\/\/psicoloria.com\/en\/?s={search_term_string}"},"query-input":{"@type":"PropertyValueSpecification","valueRequired":true,"valueName":"search_term_string"}}],"inLanguage":"en-US"},{"@type":"Organization","@id":"https:\/\/psicoloria.com\/en\/#organization","name":"psicoloRia","url":"https:\/\/psicoloria.com\/en\/","logo":{"@type":"ImageObject","inLanguage":"en-US","@id":"https:\/\/psicoloria.com\/en\/#\/schema\/logo\/image\/","url":"https:\/\/psicoloria.com\/wp-content\/uploads\/2025\/12\/Isotipo_Dark-Khaki-scaled.png","contentUrl":"https:\/\/psicoloria.com\/wp-content\/uploads\/2025\/12\/Isotipo_Dark-Khaki-scaled.png","width":2560,"height":2048,"caption":"psicoloRia"},"image":{"@id":"https:\/\/psicoloria.com\/en\/#\/schema\/logo\/image\/"},"sameAs":["https:\/\/facebook.com\/profile.php?id=61557112541742","https:\/\/instagram.com\/psicoloria__","https:\/\/tiktok.com\/@psicoloria","https:\/\/www.youtube.com\/@PsicoloRia","https:\/\/linkedin.com\/company\/psicoloria"]}]}},"_links":{"self":[{"href":"https:\/\/psicoloria.com\/en\/wp-json\/wp\/v2\/pages\/1252","targetHints":{"allow":["GET"]}}],"collection":[{"href":"https:\/\/psicoloria.com\/en\/wp-json\/wp\/v2\/pages"}],"about":[{"href":"https:\/\/psicoloria.com\/en\/wp-json\/wp\/v2\/types\/page"}],"author":[{"embeddable":true,"href":"https:\/\/psicoloria.com\/en\/wp-json\/wp\/v2\/users\/1"}],"replies":[{"embeddable":true,"href":"https:\/\/psicoloria.com\/en\/wp-json\/wp\/v2\/comments?post=1252"}],"version-history":[{"count":6,"href":"https:\/\/psicoloria.com\/en\/wp-json\/wp\/v2\/pages\/1252\/revisions"}],"predecessor-version":[{"id":3915,"href":"https:\/\/psicoloria.com\/en\/wp-json\/wp\/v2\/pages\/1252\/revisions\/3915"}],"wp:attachment":[{"href":"https:\/\/psicoloria.com\/en\/wp-json\/wp\/v2\/media?parent=1252"}],"curies":[{"name":"wp","href":"https:\/\/api.w.org\/{rel}","templated":true}]}}