{"id":1957,"date":"2024-09-19T18:37:13","date_gmt":"2024-09-19T16:37:13","guid":{"rendered":"https:\/\/psicoloria.com\/rechtlicher-hinweis\/"},"modified":"2025-12-23T10:18:22","modified_gmt":"2025-12-23T09:18:22","slug":"aviso-legal","status":"publish","type":"page","link":"https:\/\/psicoloria.com\/de\/aviso-legal\/","title":{"rendered":"Aviso legal"},"content":{"rendered":"<p>[et_pb_section fb_built=&#8220;1&#8243; admin_label=&#8220;Hero Section&#8220; _builder_version=&#8220;4.27.4&#8243; background_color=&#8220;#FFFBF0&#8243; use_background_color_gradient=&#8220;on&#8220; background_color_gradient_stops=&#8220;#e8d6c2 0%|#fffbf0 100%&#8220; background_color_gradient_start=&#8220;#1bb3eb&#8220; background_color_gradient_end=&#8220;#25efcb&#8220; custom_padding=&#8220;60px|0px|60px|0px&#8220; global_colors_info=&#8220;{}&#8220;][et_pb_row _builder_version=&#8220;4.16&#8243; background_size=&#8220;initial&#8220; background_position=&#8220;top_left&#8220; background_repeat=&#8220;repeat&#8220; global_colors_info=&#8220;{}&#8220;][et_pb_column type=&#8220;4_4&#8243; _builder_version=&#8220;4.16&#8243; custom_padding=&#8220;|||&#8220; pac_dcm_carousel_specific_module_num=&#8220;0&#8243; global_colors_info=&#8220;{}&#8220; custom_padding__hover=&#8220;|||&#8220;][et_pb_text _builder_version=&#8220;4.27.4&#8243; text_font=&#8220;||||||||&#8220; text_text_color=&#8220;rgba(255,255,255,0.8)&#8220; text_font_size=&#8220;22px&#8220; text_line_height=&#8220;1.8em&#8220; header_font=&#8220;|600|||||||&#8220; header_text_color=&#8220;#27260A&#8220; header_font_size=&#8220;48px&#8220; header_line_height=&#8220;1.4em&#8220; header_3_font=&#8220;Poppins|600|||||||&#8220; header_3_font_size=&#8220;36px&#8220; header_3_line_height=&#8220;1.4em&#8220; background_layout=&#8220;dark&#8220; max_width=&#8220;600px&#8220; module_alignment=&#8220;left&#8220; custom_margin=&#8220;|||&#8220; locked=&#8220;off&#8220; global_colors_info=&#8220;{}&#8220;]<\/p>\n<h1>Aviso legal<\/h1>\n<p>[\/et_pb_text][\/et_pb_column][\/et_pb_row][\/et_pb_section][et_pb_section fb_built=&#8220;1&#8243; admin_label=&#8220;About Us Section&#8220; _builder_version=&#8220;4.27.4&#8243; background_color=&#8220;#FFFBF0&#8243; custom_padding=&#8220;110px|0px|110px|0px&#8220; global_colors_info=&#8220;{}&#8220;][et_pb_row use_custom_gutter=&#8220;on&#8220; make_equal=&#8220;on&#8220; _builder_version=&#8220;4.25.2&#8243; custom_margin=&#8220;1px|auto||auto||&#8220; custom_padding=&#8220;|||&#8220; locked=&#8220;off&#8220; global_colors_info=&#8220;{}&#8220;][et_pb_column type=&#8220;4_4&#8243; _builder_version=&#8220;4.16&#8243; custom_padding=&#8220;|||&#8220; pac_dcm_carousel_specific_module_num=&#8220;0&#8243; global_colors_info=&#8220;{}&#8220; custom_padding__hover=&#8220;|||&#8220;][et_pb_text _builder_version=&#8220;4.27.4&#8243; text_font=&#8220;||||||||&#8220; text_text_color=&#8220;#27260A&#8220; header_font=&#8220;||||||||&#8220; header_3_font=&#8220;|600|||||||&#8220; header_3_text_color=&#8220;#D89248&#8243; header_3_font_size=&#8220;36px&#8220; header_3_line_height=&#8220;1.4em&#8220; custom_padding=&#8220;0px|||||&#8220; global_colors_info=&#8220;{}&#8220;]<\/p>\n<p data-path-to-node=\"4\">El presente Aviso Legal tiene por objeto regular el acceso, la navegaci\u00f3n y el uso del sitio web <b>psicoloria.com<\/b> (en adelante, &#8222;el Sitio Web&#8220;).<\/p>\n<h3 data-path-to-node=\"5\">1. Datos Identificativos del Titular<\/h3>\n<p>En cumplimiento del deber de informaci\u00f3n establecido en la Ley 34\/2002, de 11 de julio, de Servicios de la Sociedad de la Informaci\u00f3n y de Comercio Electr\u00f3nico (LSSI), se informa de los datos del titular del Sitio Web:<\/p>\n<p>Titular: Mar\u00eda Mar\u00edn Delgado de Robles<\/p>\n<p>Nombre Comercial \/ Web: psicoloria.com<\/p>\n<p>NIF: 51533110T<\/p>\n<p>Domicilio Profesional: Pr\u00edncipe de Vergara 207, 28002, Madrid<\/p>\n<p>Correo electr\u00f3nico de contacto: <a href=\"mailto:contacto@psicoloria.com\">contacto@psicoloria.com<\/a><\/p>\n<p>&nbsp;<\/p>\n<h3 data-path-to-node=\"8\">2. Objeto y Aceptaci\u00f3n<\/h3>\n<p data-path-to-node=\"9\">El acceso y uso del Sitio Web atribuye la condici\u00f3n de usuario e implica la aceptaci\u00f3n plena y sin reservas de este Aviso Legal en la versi\u00f3n publicada en el momento del acceso.<\/p>\n<p data-path-to-node=\"10\">Adem\u00e1s, el usuario se compromete a hacer un uso adecuado del Sitio Web y sus contenidos, de conformidad con la ley, la moral, el orden p\u00fablico y las buenas costumbres generalmente aceptadas. Asimismo queda prohibido el uso con fines il\u00edcitos o que puedan da\u00f1ar o impedir el normal funcionamiento del Sitio Web.<\/p>\n<p data-path-to-node=\"10\">\n<h3 data-path-to-node=\"11\">3. Propiedad Intelectual e Industrial<\/h3>\n<p data-path-to-node=\"12\">Todos los contenidos, textos, fotograf\u00edas, gr\u00e1ficos, v\u00eddeos, logotipos, iconos, dise\u00f1o gr\u00e1fico y software del Sitio Web (psicoloria.com) son propiedad exclusiva del Titular o de terceros que han autorizado su uso.<\/p>\n<p data-path-to-node=\"13\">Tambi\u00e9n queda <b>expresamente prohibida<\/b> la reproducci\u00f3n, distribuci\u00f3n, comunicaci\u00f3n p\u00fablica, transformaci\u00f3n o cualquier otra actividad que se pueda realizar con los contenidos del Sitio Web sin la autorizaci\u00f3n previa, expresa y por escrito del Titular.<\/p>\n<p data-path-to-node=\"13\">\n<h3 data-path-to-node=\"14\">4. Exclusi\u00f3n de Garant\u00edas y Responsabilidad<\/h3>\n<p data-path-to-node=\"15\">El Titular act\u00faa como prestador de servicios de la sociedad de la informaci\u00f3n. El Titular no se hace responsable de los da\u00f1os o perjuicios de cualquier naturaleza que puedan derivarse de:<\/p>\n<ul data-path-to-node=\"16\">\n<li>\n<p data-path-to-node=\"16,0,0\">La falta de disponibilidad y continuidad del funcionamiento del Sitio Web.<\/p>\n<\/li>\n<li>\n<p data-path-to-node=\"16,1,0\">La presencia de virus o <i>software<\/i> malicioso en los sistemas del usuario.<\/p>\n<\/li>\n<li>\n<p data-path-to-node=\"16,2,0\">El uso il\u00edcito, negligente, fraudulento o contrario a este Aviso Legal por parte del usuario.<\/p>\n<\/li>\n<\/ul>\n<p data-path-to-node=\"17\">El Titular tampoco ser\u00e1 responsable de las opiniones vertidas por los usuarios a trav\u00e9s de herramientas de participaci\u00f3n que pudiera haber en la web.<\/p>\n<p data-path-to-node=\"17\">\n<h3 data-path-to-node=\"18\">5. Enlaces Externos<\/h3>\n<p data-path-to-node=\"19\">Adem\u00e1s, el Sitio Web puede contener enlaces a otros sitios web gestionados por terceros. El Titular no asume ning\u00fan tipo de responsabilidad por el contenido, la informaci\u00f3n o los servicios que puedan aparecer en dichos sitios externos, ni garantiza su disponibilidad t\u00e9cnica, calidad o exactitud.<\/p>\n<p data-path-to-node=\"19\">\n<h3 data-path-to-node=\"20\">6. Protecci\u00f3n de Datos Personales<\/h3>\n<p data-path-to-node=\"21\">El tratamiento de los datos personales de los usuarios se realizar\u00e1 de conformidad con la legislaci\u00f3n vigente en materia de protecci\u00f3n de datos (Reglamento General de Protecci\u00f3n de Datos &#8211; RGPD).<\/p>\n<p data-path-to-node=\"22\">Toda la informaci\u00f3n relativa al tratamiento de sus datos personales, incluidos sus derechos de acceso, rectificaci\u00f3n, supresi\u00f3n y otros, se encuentra detallada en la <b>Pol\u00edtica de Privacidad<\/b> y la <b>Pol\u00edtica de Cookies<\/b> de este Sitio Web.<\/p>\n<p data-path-to-node=\"22\">\n<h3 data-path-to-node=\"23\">7. Modificaciones del Aviso Legal<\/h3>\n<p data-path-to-node=\"24\">El Titular se reserva el derecho de modificar el presente Aviso Legal en cualquier momento, bien por exigencias legales o por cambios en la prestaci\u00f3n de los servicios. La modificaci\u00f3n entrar\u00e1 en vigor desde su publicaci\u00f3n en el Sitio Web, siendo responsabilidad del usuario revisarlo peri\u00f3dicamente.<\/p>\n<p data-path-to-node=\"24\">\n<h3 data-path-to-node=\"25\">8. Ley Aplicable y Jurisdicci\u00f3n<\/h3>\n<p data-path-to-node=\"26\">Para la resoluci\u00f3n de todas las controversias o cuestiones relacionadas con el presente Sitio Web o las actividades desarrolladas en \u00e9l, ser\u00e1 de aplicaci\u00f3n la <b>legislaci\u00f3n espa\u00f1ola<\/b>.<\/p>\n<p data-path-to-node=\"27\">Las partes se someten, con renuncia expresa a cualquier otro fuero, a los <b>Juzgados y Tribunales de la ciudad de Madrid<\/b> (Espa\u00f1a).<\/p>\n<p>&nbsp;<\/p>\n<p>[\/et_pb_text][\/et_pb_column][\/et_pb_row][et_pb_row _builder_version=&#8220;4.27.4&#8243; _module_preset=&#8220;default&#8220; locked=&#8220;off&#8220; global_colors_info=&#8220;{}&#8220;][et_pb_column type=&#8220;4_4&#8243; _builder_version=&#8220;4.27.4&#8243; _module_preset=&#8220;default&#8220; pac_dcm_carousel_specific_module_num=&#8220;0&#8243; global_colors_info=&#8220;{}&#8220;][et_pb_button button_url=&#8220;https:\/\/psicoloria.com\/contacto\/&#8220; button_text=&#8220;Contacta conmigo&#8220; button_alignment=&#8220;left&#8220; disabled_on=&#8220;on|on|off&#8220; admin_label=&#8220;Bot\u00f3n&#8220; _builder_version=&#8220;4.27.4&#8243; _module_preset=&#8220;default&#8220; custom_button=&#8220;on&#8220; button_text_size=&#8220;20px&#8220; button_text_color=&#8220;#FFFBF0&#8243; button_bg_color=&#8220;#D89248&#8243; button_border_width=&#8220;0px&#8220; button_border_radius=&#8220;89px&#8220; button_use_icon=&#8220;off&#8220; position_origin_f=&#8220;bottom_right&#8220; vertical_offset=&#8220;33px&#8220; horizontal_offset=&#8220;40px&#8220; custom_margin=&#8220;|3px|1px|-1px||&#8220; custom_padding=&#8220;0px|||||&#8220; button_text_size_tablet=&#8220;25px&#8220; button_text_size_phone=&#8220;20px&#8220; button_text_size_last_edited=&#8220;on|desktop&#8220; locked=&#8220;off&#8220; global_colors_info=&#8220;{}&#8220;][\/et_pb_button][et_pb_image src=&#8220;https:\/\/psicoloria.com\/wp-content\/uploads\/2025\/12\/Isotipo_Dark-Khaki-scaled.png&#8220; title_text=&#8220;Isotipo_Dark Khaki&#8220; admin_label=&#8220;Imagen&#8220; _builder_version=&#8220;4.27.4&#8243; _module_preset=&#8220;default&#8220; width=&#8220;26.5%&#8220; custom_margin=&#8220;|8px||||&#8220; border_radii=&#8220;off|302px|226px|306px|222px&#8220; border_color_all=&#8220;#FFFBF0&#8243; locked=&#8220;off&#8220; global_colors_info=&#8220;{}&#8220;][\/et_pb_image][\/et_pb_column][\/et_pb_row][\/et_pb_section]<\/p>\n","protected":false},"excerpt":{"rendered":"<p>Aviso legalEl presente Aviso Legal tiene por objeto regular el acceso, la navegaci\u00f3n y el uso del sitio web psicoloria.com (en adelante, &#8222;el Sitio Web&#8220;). 1. Datos Identificativos del Titular En cumplimiento del deber de informaci\u00f3n establecido en la Ley 34\/2002, de 11 de julio, de Servicios de la Sociedad de la Informaci\u00f3n y de [&hellip;]<\/p>\n","protected":false},"author":1,"featured_media":0,"parent":0,"menu_order":0,"comment_status":"closed","ping_status":"closed","template":"","meta":{"_et_pb_use_builder":"on","_et_pb_old_content":"","_et_gb_content_width":"","footnotes":""},"class_list":["post-1957","page","type-page","status-publish","hentry"],"yoast_head":"<!-- This site is optimized with the Yoast SEO plugin v27.4 - https:\/\/yoast.com\/product\/yoast-seo-wordpress\/ -->\n<title>Aviso legal - CL\u00cdNICA PSICOLORIA<\/title>\n<meta name=\"description\" content=\"El presente Aviso Legal tiene por objeto regular el acceso, la navegaci\u00f3n y el uso del sitio web psicoloria.com.\" \/>\n<meta name=\"robots\" content=\"index, follow, max-snippet:-1, max-image-preview:large, max-video-preview:-1\" \/>\n<link rel=\"canonical\" href=\"https:\/\/psicoloria.com\/de\/aviso-legal\/\" \/>\n<meta property=\"og:locale\" content=\"de_DE\" \/>\n<meta property=\"og:type\" content=\"article\" \/>\n<meta property=\"og:title\" content=\"Aviso legal - CL\u00cdNICA PSICOLORIA\" \/>\n<meta property=\"og:description\" content=\"El presente Aviso Legal tiene por objeto regular el acceso, la navegaci\u00f3n y el uso del sitio web psicoloria.com.\" \/>\n<meta property=\"og:url\" content=\"https:\/\/psicoloria.com\/de\/aviso-legal\/\" \/>\n<meta property=\"og:site_name\" content=\"CL\u00cdNICA PSICOLORIA\" \/>\n<meta property=\"article:publisher\" content=\"https:\/\/facebook.com\/profile.php?id=61557112541742\" \/>\n<meta property=\"article:modified_time\" content=\"2025-12-23T09:18:22+00:00\" \/>\n<meta property=\"og:image\" content=\"https:\/\/psicoloria.com\/wp-content\/uploads\/2025\/12\/Isotipo_Dark-Khaki-scaled.png\" \/>\n\t<meta property=\"og:image:width\" content=\"2560\" \/>\n\t<meta property=\"og:image:height\" content=\"2048\" \/>\n\t<meta property=\"og:image:type\" content=\"image\/png\" \/>\n<meta name=\"twitter:card\" content=\"summary_large_image\" \/>\n<meta name=\"twitter:label1\" content=\"Gesch\u00e4tzte Lesezeit\" \/>\n\t<meta name=\"twitter:data1\" content=\"3\u00a0Minuten\" \/>\n<script type=\"application\/ld+json\" class=\"yoast-schema-graph\">{\"@context\":\"https:\\\/\\\/schema.org\",\"@graph\":[{\"@type\":\"WebPage\",\"@id\":\"https:\\\/\\\/psicoloria.com\\\/de\\\/aviso-legal\\\/\",\"url\":\"https:\\\/\\\/psicoloria.com\\\/de\\\/aviso-legal\\\/\",\"name\":\"Aviso legal - CL\u00cdNICA PSICOLORIA\",\"isPartOf\":{\"@id\":\"https:\\\/\\\/psicoloria.com\\\/de\\\/#website\"},\"datePublished\":\"2024-09-19T16:37:13+00:00\",\"dateModified\":\"2025-12-23T09:18:22+00:00\",\"description\":\"El presente Aviso Legal tiene por objeto regular el acceso, la navegaci\u00f3n y el uso del sitio web psicoloria.com.\",\"breadcrumb\":{\"@id\":\"https:\\\/\\\/psicoloria.com\\\/de\\\/aviso-legal\\\/#breadcrumb\"},\"inLanguage\":\"de\",\"potentialAction\":[{\"@type\":\"ReadAction\",\"target\":[\"https:\\\/\\\/psicoloria.com\\\/de\\\/aviso-legal\\\/\"]}]},{\"@type\":\"BreadcrumbList\",\"@id\":\"https:\\\/\\\/psicoloria.com\\\/de\\\/aviso-legal\\\/#breadcrumb\",\"itemListElement\":[{\"@type\":\"ListItem\",\"position\":1,\"name\":\"Portada\",\"item\":\"https:\\\/\\\/psicoloria.com\\\/de\\\/\"},{\"@type\":\"ListItem\",\"position\":2,\"name\":\"Aviso legal\"}]},{\"@type\":\"WebSite\",\"@id\":\"https:\\\/\\\/psicoloria.com\\\/de\\\/#website\",\"url\":\"https:\\\/\\\/psicoloria.com\\\/de\\\/\",\"name\":\"psicoloRia\",\"description\":\"Terapia online en espa\u00f1ol, alem\u00e1n e ingl\u00e9s\",\"publisher\":{\"@id\":\"https:\\\/\\\/psicoloria.com\\\/de\\\/#organization\"},\"potentialAction\":[{\"@type\":\"SearchAction\",\"target\":{\"@type\":\"EntryPoint\",\"urlTemplate\":\"https:\\\/\\\/psicoloria.com\\\/de\\\/?s={search_term_string}\"},\"query-input\":{\"@type\":\"PropertyValueSpecification\",\"valueRequired\":true,\"valueName\":\"search_term_string\"}}],\"inLanguage\":\"de\"},{\"@type\":\"Organization\",\"@id\":\"https:\\\/\\\/psicoloria.com\\\/de\\\/#organization\",\"name\":\"psicoloRia\",\"url\":\"https:\\\/\\\/psicoloria.com\\\/de\\\/\",\"logo\":{\"@type\":\"ImageObject\",\"inLanguage\":\"de\",\"@id\":\"https:\\\/\\\/psicoloria.com\\\/de\\\/#\\\/schema\\\/logo\\\/image\\\/\",\"url\":\"https:\\\/\\\/psicoloria.com\\\/wp-content\\\/uploads\\\/2025\\\/12\\\/Isotipo_Dark-Khaki-scaled.png\",\"contentUrl\":\"https:\\\/\\\/psicoloria.com\\\/wp-content\\\/uploads\\\/2025\\\/12\\\/Isotipo_Dark-Khaki-scaled.png\",\"width\":2560,\"height\":2048,\"caption\":\"psicoloRia\"},\"image\":{\"@id\":\"https:\\\/\\\/psicoloria.com\\\/de\\\/#\\\/schema\\\/logo\\\/image\\\/\"},\"sameAs\":[\"https:\\\/\\\/facebook.com\\\/profile.php?id=61557112541742\",\"https:\\\/\\\/instagram.com\\\/psicoloria__\",\"https:\\\/\\\/tiktok.com\\\/@psicoloria\",\"https:\\\/\\\/www.youtube.com\\\/@PsicoloRia\",\"https:\\\/\\\/linkedin.com\\\/company\\\/psicoloria\"]}]}<\/script>\n<!-- \/ Yoast SEO plugin. -->","yoast_head_json":{"title":"Aviso legal - CL\u00cdNICA PSICOLORIA","description":"El presente Aviso Legal tiene por objeto regular el acceso, la navegaci\u00f3n y el uso del sitio web psicoloria.com.","robots":{"index":"index","follow":"follow","max-snippet":"max-snippet:-1","max-image-preview":"max-image-preview:large","max-video-preview":"max-video-preview:-1"},"canonical":"https:\/\/psicoloria.com\/de\/aviso-legal\/","og_locale":"de_DE","og_type":"article","og_title":"Aviso legal - CL\u00cdNICA PSICOLORIA","og_description":"El presente Aviso Legal tiene por objeto regular el acceso, la navegaci\u00f3n y el uso del sitio web psicoloria.com.","og_url":"https:\/\/psicoloria.com\/de\/aviso-legal\/","og_site_name":"CL\u00cdNICA PSICOLORIA","article_publisher":"https:\/\/facebook.com\/profile.php?id=61557112541742","article_modified_time":"2025-12-23T09:18:22+00:00","og_image":[{"width":2560,"height":2048,"url":"https:\/\/psicoloria.com\/wp-content\/uploads\/2025\/12\/Isotipo_Dark-Khaki-scaled.png","type":"image\/png"}],"twitter_card":"summary_large_image","twitter_misc":{"Gesch\u00e4tzte Lesezeit":"3\u00a0Minuten"},"schema":{"@context":"https:\/\/schema.org","@graph":[{"@type":"WebPage","@id":"https:\/\/psicoloria.com\/de\/aviso-legal\/","url":"https:\/\/psicoloria.com\/de\/aviso-legal\/","name":"Aviso legal - CL\u00cdNICA PSICOLORIA","isPartOf":{"@id":"https:\/\/psicoloria.com\/de\/#website"},"datePublished":"2024-09-19T16:37:13+00:00","dateModified":"2025-12-23T09:18:22+00:00","description":"El presente Aviso Legal tiene por objeto regular el acceso, la navegaci\u00f3n y el uso del sitio web psicoloria.com.","breadcrumb":{"@id":"https:\/\/psicoloria.com\/de\/aviso-legal\/#breadcrumb"},"inLanguage":"de","potentialAction":[{"@type":"ReadAction","target":["https:\/\/psicoloria.com\/de\/aviso-legal\/"]}]},{"@type":"BreadcrumbList","@id":"https:\/\/psicoloria.com\/de\/aviso-legal\/#breadcrumb","itemListElement":[{"@type":"ListItem","position":1,"name":"Portada","item":"https:\/\/psicoloria.com\/de\/"},{"@type":"ListItem","position":2,"name":"Aviso legal"}]},{"@type":"WebSite","@id":"https:\/\/psicoloria.com\/de\/#website","url":"https:\/\/psicoloria.com\/de\/","name":"psicoloRia","description":"Terapia online en espa\u00f1ol, alem\u00e1n e ingl\u00e9s","publisher":{"@id":"https:\/\/psicoloria.com\/de\/#organization"},"potentialAction":[{"@type":"SearchAction","target":{"@type":"EntryPoint","urlTemplate":"https:\/\/psicoloria.com\/de\/?s={search_term_string}"},"query-input":{"@type":"PropertyValueSpecification","valueRequired":true,"valueName":"search_term_string"}}],"inLanguage":"de"},{"@type":"Organization","@id":"https:\/\/psicoloria.com\/de\/#organization","name":"psicoloRia","url":"https:\/\/psicoloria.com\/de\/","logo":{"@type":"ImageObject","inLanguage":"de","@id":"https:\/\/psicoloria.com\/de\/#\/schema\/logo\/image\/","url":"https:\/\/psicoloria.com\/wp-content\/uploads\/2025\/12\/Isotipo_Dark-Khaki-scaled.png","contentUrl":"https:\/\/psicoloria.com\/wp-content\/uploads\/2025\/12\/Isotipo_Dark-Khaki-scaled.png","width":2560,"height":2048,"caption":"psicoloRia"},"image":{"@id":"https:\/\/psicoloria.com\/de\/#\/schema\/logo\/image\/"},"sameAs":["https:\/\/facebook.com\/profile.php?id=61557112541742","https:\/\/instagram.com\/psicoloria__","https:\/\/tiktok.com\/@psicoloria","https:\/\/www.youtube.com\/@PsicoloRia","https:\/\/linkedin.com\/company\/psicoloria"]}]}},"_links":{"self":[{"href":"https:\/\/psicoloria.com\/de\/wp-json\/wp\/v2\/pages\/1957","targetHints":{"allow":["GET"]}}],"collection":[{"href":"https:\/\/psicoloria.com\/de\/wp-json\/wp\/v2\/pages"}],"about":[{"href":"https:\/\/psicoloria.com\/de\/wp-json\/wp\/v2\/types\/page"}],"author":[{"embeddable":true,"href":"https:\/\/psicoloria.com\/de\/wp-json\/wp\/v2\/users\/1"}],"replies":[{"embeddable":true,"href":"https:\/\/psicoloria.com\/de\/wp-json\/wp\/v2\/comments?post=1957"}],"version-history":[{"count":15,"href":"https:\/\/psicoloria.com\/de\/wp-json\/wp\/v2\/pages\/1957\/revisions"}],"predecessor-version":[{"id":3949,"href":"https:\/\/psicoloria.com\/de\/wp-json\/wp\/v2\/pages\/1957\/revisions\/3949"}],"wp:attachment":[{"href":"https:\/\/psicoloria.com\/de\/wp-json\/wp\/v2\/media?parent=1957"}],"curies":[{"name":"wp","href":"https:\/\/api.w.org\/{rel}","templated":true}]}}