{"id":1255,"date":"2022-03-10T08:20:01","date_gmt":"2022-03-10T07:20:01","guid":{"rendered":"https:\/\/psicoloria.com\/datenschutzbestimmungen\/"},"modified":"2025-12-23T10:18:23","modified_gmt":"2025-12-23T09:18:23","slug":"politica-de-privacidad","status":"publish","type":"page","link":"https:\/\/psicoloria.com\/de\/politica-de-privacidad\/","title":{"rendered":"Pol\u00edtica de privacidad"},"content":{"rendered":"<p>[et_pb_section fb_built=&#8220;1&#8243; admin_label=&#8220;Hero Section&#8220; _builder_version=&#8220;4.27.4&#8243; background_color=&#8220;#FFFBF0&#8243; use_background_color_gradient=&#8220;on&#8220; background_color_gradient_stops=&#8220;#e8d6c2 0%|#fffbf0 100%&#8220; background_color_gradient_start=&#8220;#1bb3eb&#8220; background_color_gradient_end=&#8220;#25efcb&#8220; custom_padding=&#8220;60px|0px|60px|0px&#8220; global_colors_info=&#8220;{}&#8220;][et_pb_row _builder_version=&#8220;4.16&#8243; background_size=&#8220;initial&#8220; background_position=&#8220;top_left&#8220; background_repeat=&#8220;repeat&#8220; global_colors_info=&#8220;{}&#8220;][et_pb_column type=&#8220;4_4&#8243; _builder_version=&#8220;4.16&#8243; custom_padding=&#8220;|||&#8220; pac_dcm_carousel_specific_module_num=&#8220;0&#8243; global_colors_info=&#8220;{}&#8220; custom_padding__hover=&#8220;|||&#8220;][et_pb_text _builder_version=&#8220;4.27.4&#8243; text_font=&#8220;||||||||&#8220; text_text_color=&#8220;rgba(255,255,255,0.8)&#8220; text_font_size=&#8220;22px&#8220; text_line_height=&#8220;1.8em&#8220; header_font=&#8220;|600|||||||&#8220; header_text_color=&#8220;#27260A&#8220; header_font_size=&#8220;48px&#8220; header_line_height=&#8220;1.4em&#8220; header_3_font=&#8220;Poppins|600|||||||&#8220; header_3_font_size=&#8220;36px&#8220; header_3_line_height=&#8220;1.4em&#8220; background_layout=&#8220;dark&#8220; max_width=&#8220;600px&#8220; module_alignment=&#8220;left&#8220; custom_margin=&#8220;|||&#8220; locked=&#8220;off&#8220; global_colors_info=&#8220;{}&#8220;]<\/p>\n<h1>Pol\u00edtica de privacidad<\/h1>\n<p>[\/et_pb_text][\/et_pb_column][\/et_pb_row][\/et_pb_section][et_pb_section fb_built=&#8220;1&#8243; admin_label=&#8220;About Us Section&#8220; _builder_version=&#8220;4.27.4&#8243; background_color=&#8220;#FFFBF0&#8243; custom_padding=&#8220;110px|0px|110px|0px&#8220; global_colors_info=&#8220;{}&#8220;][et_pb_row use_custom_gutter=&#8220;on&#8220; make_equal=&#8220;on&#8220; _builder_version=&#8220;4.25.2&#8243; custom_padding=&#8220;|||&#8220; locked=&#8220;off&#8220; global_colors_info=&#8220;{}&#8220;][et_pb_column type=&#8220;4_4&#8243; _builder_version=&#8220;4.16&#8243; custom_padding=&#8220;|||&#8220; pac_dcm_carousel_specific_module_num=&#8220;0&#8243; global_colors_info=&#8220;{}&#8220; custom_padding__hover=&#8220;|||&#8220;][et_pb_text _builder_version=&#8220;4.27.4&#8243; text_font=&#8220;||||||||&#8220; header_font=&#8220;||||||||&#8220; header_3_font=&#8220;|600|||||||&#8220; header_3_text_color=&#8220;#D89248&#8243; header_3_font_size=&#8220;36px&#8220; header_3_line_height=&#8220;1.4em&#8220; global_colors_info=&#8220;{}&#8220;]<\/p>\n<h3 data-path-to-node=\"4\">I. Identificaci\u00f3n y Contacto del Responsable del Tratamiento<\/h3>\n<p data-path-to-node=\"5\">El Responsable del Tratamiento de tus datos es la persona f\u00edsica que gestiona <b>psicoloRia<\/b>:<\/p>\n<p>Titular: Mar\u00eda Mar\u00edn Delgado de Robles<\/p>\n<p>Nombre Comercial \/ Web: psicoloria.com<\/p>\n<p>NIF: 51533110T<\/p>\n<p>Domicilio Profesional: Pr\u00edncipe de Vergara 207, 28002, Madrid<\/p>\n<p>Correo electr\u00f3nico de contacto:<span>\u00a0<\/span><a href=\"mailto:contacto@psicoloria.com\">contacto@psicoloria.com<\/a><\/p>\n<p>&nbsp;<\/p>\n<h3 data-path-to-node=\"7\">II. Fines del Tratamiento y Base Legal<\/h3>\n<p data-path-to-node=\"8\">En psicoloRia tratamos tus datos personales con las siguientes finalidades y la base legal que lo legitima seg\u00fan el Reglamento General de Protecci\u00f3n de Datos (RGPD):<\/p>\n<ol start=\"1\" data-path-to-node=\"9\">\n<li>\n<p data-path-to-node=\"9,0,0\"><b>Responder a Consultas de Contacto:<\/b> La finalidad es gestionar y responder a las solicitudes, dudas o consultas que nos env\u00edes a trav\u00e9s de los formularios o email. La base legal que legitima este tratamiento es el <b>Consentimiento<\/b> del interesado, al enviarnos su solicitud.<\/p>\n<\/li>\n<li>\n<p data-path-to-node=\"9,1,0\"><b>Prestaci\u00f3n del Servicio Contratado (Citas y Sesiones):<\/b> La finalidad es gestionar el proceso de reserva, pago y la entrega de los servicios de terapia, yoga o charlas. La base legal es la <b>Ejecuci\u00f3n de un contrato de servicios<\/b> entre t\u00fa y psicoloRia.<\/p>\n<\/li>\n<li>\n<p data-path-to-node=\"9,2,0\"><b>Tratamiento de Datos de Salud (Psicolog\u00eda):<\/b> La finalidad es proporcionar el servicio de diagn\u00f3stico y tratamiento psicol\u00f3gico. La base legal para el tratamiento de estos datos de categor\u00eda especial (salud) es tu <b>Consentimiento Expl\u00edcito<\/b> y los <b>Motivos de Inter\u00e9s P\u00fablico Esencial<\/b> en el \u00e1mbito de la salud, ya que son tratados por un profesional sanitario sujeto a secreto profesional.<\/p>\n<\/li>\n<li>\n<p data-path-to-node=\"9,3,0\"><b>Cumplimiento de Obligaciones Legales:<\/b> La finalidad es gestionar la documentaci\u00f3n fiscal y contable. La base legal es una <b>Obligaci\u00f3n Legal<\/b>, para cumplir con las leyes fiscales y contables espa\u00f1olas.<\/p>\n<\/li>\n<\/ol>\n<p>&nbsp;<\/p>\n<h3 data-path-to-node=\"10\">III. Destinatarios y Encargados del Tratamiento<\/h3>\n<p data-path-to-node=\"11\">Tus datos personales no ser\u00e1n cedidos a terceros, salvo que exista una obligaci\u00f3n legal. Para poder operar y ofrecer mis servicios, utilizo plataformas externas que act\u00faan bajo mis instrucciones como Encargadas del Tratamiento:<\/p>\n<ul data-path-to-node=\"12\">\n<li>\n<p data-path-to-node=\"12,0,0\"><b>Gesti\u00f3n de Citas:<\/b> Utilizo <b>Google Calendar<\/b> para coordinar y reservar las citas. Google act\u00faa como Encargado del Tratamiento bajo las condiciones de su pol\u00edtica de privacidad.<\/p>\n<\/li>\n<li>\n<p data-path-to-node=\"12,1,0\"><b>Servicios de Alojamiento (Hosting):<\/b> La web se aloja en [Nombre de tu Hosting], que garantiza las medidas de seguridad exigidas por el RGPD.<\/p>\n<\/li>\n<\/ul>\n<p>&nbsp;<\/p>\n<h3 data-path-to-node=\"13\">IV. Plazo de Conservaci\u00f3n de Datos<\/h3>\n<p data-path-to-node=\"14\">Conservaremos tus datos durante el tiempo estrictamente necesario para cumplir con los fines para los que fueron recabados:<\/p>\n<ul data-path-to-node=\"15\">\n<li>\n<p data-path-to-node=\"15,0,0\"><b>Historias Cl\u00ednicas (Datos de Salud):<\/b> Se conservar\u00e1n durante un m\u00ednimo de <b>5 a\u00f1os<\/b> desde la fecha de alta o finalizaci\u00f3n de la relaci\u00f3n terap\u00e9utica, en cumplimiento de la normativa sanitaria aplicable.<\/p>\n<\/li>\n<li>\n<p data-path-to-node=\"15,1,0\"><b>Datos de Facturaci\u00f3n y Obligaciones Legales:<\/b> Se conservar\u00e1n durante el plazo legalmente establecido por la normativa fiscal y contable (generalmente 4 a 5 a\u00f1os).<\/p>\n<\/li>\n<li>\n<p data-path-to-node=\"15,2,0\"><b>Datos de Contacto (Consultas):<\/b> Se conservar\u00e1n hasta que se haya respondido a la consulta, salvo que esta derive en la contrataci\u00f3n de un servicio.<\/p>\n<\/li>\n<\/ul>\n<p>&nbsp;<\/p>\n<h3 data-path-to-node=\"16\">V. Derechos del Interesado<\/h3>\n<p data-path-to-node=\"17\">Puedes ejercer en cualquier momento tus derechos de Acceso, Rectificaci\u00f3n, Supresi\u00f3n (Derecho al Olvido), Oposici\u00f3n, Limitaci\u00f3n del Tratamiento y Portabilidad, enviando un correo electr\u00f3nico a <b>contacto@psicoloria.com<\/b> con el asunto &#8222;Ejercicio de Derechos RGPD&#8220; e incluyendo una copia de tu documento de identidad.<\/p>\n<p data-path-to-node=\"18\">Adem\u00e1s, tienes derecho a presentar una reclamaci\u00f3n ante la <b>Agencia Espa\u00f1ola de Protecci\u00f3n de Datos (AEPD)<\/b> si consideras que no hemos atendido correctamente tus derechos.<\/p>\n<p>[\/et_pb_text][\/et_pb_column][\/et_pb_row][et_pb_row _builder_version=&#8220;4.27.4&#8243; _module_preset=&#8220;default&#8220; global_colors_info=&#8220;{}&#8220; locked=&#8220;off&#8220;][et_pb_column type=&#8220;4_4&#8243; _builder_version=&#8220;4.27.4&#8243; _module_preset=&#8220;default&#8220; pac_dcm_carousel_specific_module_num=&#8220;0&#8243; global_colors_info=&#8220;{}&#8220;][et_pb_button button_url=&#8220;https:\/\/psicoloria.com\/contacto\/&#8220; button_text=&#8220;Contacta conmigo&#8220; button_alignment=&#8220;left&#8220; disabled_on=&#8220;on|on|off&#8220; admin_label=&#8220;Bot\u00f3n&#8220; _builder_version=&#8220;4.27.4&#8243; _module_preset=&#8220;default&#8220; custom_button=&#8220;on&#8220; button_text_size=&#8220;20px&#8220; button_text_color=&#8220;#FFFBF0&#8243; button_bg_color=&#8220;#D89248&#8243; button_border_width=&#8220;0px&#8220; button_border_radius=&#8220;89px&#8220; button_use_icon=&#8220;off&#8220; position_origin_f=&#8220;bottom_right&#8220; vertical_offset=&#8220;33px&#8220; horizontal_offset=&#8220;40px&#8220; custom_margin=&#8220;|3px|1px|-1px||&#8220; custom_padding=&#8220;0px|||||&#8220; button_text_size_tablet=&#8220;25px&#8220; button_text_size_phone=&#8220;20px&#8220; button_text_size_last_edited=&#8220;on|desktop&#8220; locked=&#8220;off&#8220; global_colors_info=&#8220;{}&#8220;][\/et_pb_button][et_pb_image src=&#8220;https:\/\/psicoloria.com\/wp-content\/uploads\/2025\/12\/Isotipo_Dark-Khaki-scaled.png&#8220; title_text=&#8220;Isotipo_Dark Khaki&#8220; admin_label=&#8220;Imagen&#8220; _builder_version=&#8220;4.27.4&#8243; _module_preset=&#8220;default&#8220; width=&#8220;26.5%&#8220; custom_margin=&#8220;|8px||||&#8220; border_radii=&#8220;off|302px|226px|306px|222px&#8220; border_color_all=&#8220;#FFFBF0&#8243; locked=&#8220;off&#8220; global_colors_info=&#8220;{}&#8220;][\/et_pb_image][\/et_pb_column][\/et_pb_row][\/et_pb_section]<\/p>\n","protected":false},"excerpt":{"rendered":"<p>Pol\u00edtica de privacidadI. Identificaci\u00f3n y Contacto del Responsable del Tratamiento El Responsable del Tratamiento de tus datos es la persona f\u00edsica que gestiona psicoloRia: Titular: Mar\u00eda Mar\u00edn Delgado de Robles Nombre Comercial \/ Web: psicoloria.com NIF: 51533110T Domicilio Profesional: Pr\u00edncipe de Vergara 207, 28002, Madrid Correo electr\u00f3nico de contacto:\u00a0contacto@psicoloria.com &nbsp; II. Fines del Tratamiento y [&hellip;]<\/p>\n","protected":false},"author":1,"featured_media":0,"parent":0,"menu_order":0,"comment_status":"closed","ping_status":"closed","template":"","meta":{"_et_pb_use_builder":"on","_et_pb_old_content":"","_et_gb_content_width":"","footnotes":""},"class_list":["post-1255","page","type-page","status-publish","hentry"],"yoast_head":"<!-- This site is optimized with the Yoast SEO plugin v27.4 - https:\/\/yoast.com\/product\/yoast-seo-wordpress\/ -->\n<title>Pol\u00edtica de privacidad - CL\u00cdNICA PSICOLORIA<\/title>\n<meta name=\"description\" content=\"Consulta la pol\u00edtica de privacidad de Psicolor\u00eda y descubre c\u00f3mo protegemos tus datos personales en nuestras terapias y servicios online.\" \/>\n<meta name=\"robots\" content=\"index, follow, max-snippet:-1, max-image-preview:large, max-video-preview:-1\" \/>\n<link rel=\"canonical\" href=\"https:\/\/psicoloria.com\/de\/politica-de-privacidad\/\" \/>\n<meta property=\"og:locale\" content=\"de_DE\" \/>\n<meta property=\"og:type\" content=\"article\" \/>\n<meta property=\"og:title\" content=\"Pol\u00edtica de privacidad - CL\u00cdNICA PSICOLORIA\" \/>\n<meta property=\"og:description\" content=\"Consulta la pol\u00edtica de privacidad de Psicolor\u00eda y descubre c\u00f3mo protegemos tus datos personales en nuestras terapias y servicios online.\" \/>\n<meta property=\"og:url\" content=\"https:\/\/psicoloria.com\/de\/politica-de-privacidad\/\" \/>\n<meta property=\"og:site_name\" content=\"CL\u00cdNICA PSICOLORIA\" \/>\n<meta property=\"article:publisher\" content=\"https:\/\/facebook.com\/profile.php?id=61557112541742\" \/>\n<meta property=\"article:modified_time\" content=\"2025-12-23T09:18:23+00:00\" \/>\n<meta property=\"og:image\" content=\"https:\/\/psicoloria.com\/wp-content\/uploads\/2025\/12\/Isotipo_Dark-Khaki-scaled.png\" \/>\n\t<meta property=\"og:image:width\" content=\"2560\" \/>\n\t<meta property=\"og:image:height\" content=\"2048\" \/>\n\t<meta property=\"og:image:type\" content=\"image\/png\" \/>\n<meta name=\"twitter:card\" content=\"summary_large_image\" \/>\n<meta name=\"twitter:label1\" content=\"Gesch\u00e4tzte Lesezeit\" \/>\n\t<meta name=\"twitter:data1\" content=\"3\u00a0Minuten\" \/>\n<script type=\"application\/ld+json\" class=\"yoast-schema-graph\">{\"@context\":\"https:\\\/\\\/schema.org\",\"@graph\":[{\"@type\":\"WebPage\",\"@id\":\"https:\\\/\\\/psicoloria.com\\\/de\\\/politica-de-privacidad\\\/\",\"url\":\"https:\\\/\\\/psicoloria.com\\\/de\\\/politica-de-privacidad\\\/\",\"name\":\"Pol\u00edtica de privacidad - CL\u00cdNICA PSICOLORIA\",\"isPartOf\":{\"@id\":\"https:\\\/\\\/psicoloria.com\\\/de\\\/#website\"},\"datePublished\":\"2022-03-10T07:20:01+00:00\",\"dateModified\":\"2025-12-23T09:18:23+00:00\",\"description\":\"Consulta la pol\u00edtica de privacidad de Psicolor\u00eda y descubre c\u00f3mo protegemos tus datos personales en nuestras terapias y servicios online.\",\"breadcrumb\":{\"@id\":\"https:\\\/\\\/psicoloria.com\\\/de\\\/politica-de-privacidad\\\/#breadcrumb\"},\"inLanguage\":\"de\",\"potentialAction\":[{\"@type\":\"ReadAction\",\"target\":[\"https:\\\/\\\/psicoloria.com\\\/de\\\/politica-de-privacidad\\\/\"]}]},{\"@type\":\"BreadcrumbList\",\"@id\":\"https:\\\/\\\/psicoloria.com\\\/de\\\/politica-de-privacidad\\\/#breadcrumb\",\"itemListElement\":[{\"@type\":\"ListItem\",\"position\":1,\"name\":\"Portada\",\"item\":\"https:\\\/\\\/psicoloria.com\\\/de\\\/\"},{\"@type\":\"ListItem\",\"position\":2,\"name\":\"Pol\u00edtica de privacidad\"}]},{\"@type\":\"WebSite\",\"@id\":\"https:\\\/\\\/psicoloria.com\\\/de\\\/#website\",\"url\":\"https:\\\/\\\/psicoloria.com\\\/de\\\/\",\"name\":\"psicoloRia\",\"description\":\"Terapia online en espa\u00f1ol, alem\u00e1n e ingl\u00e9s\",\"publisher\":{\"@id\":\"https:\\\/\\\/psicoloria.com\\\/de\\\/#organization\"},\"potentialAction\":[{\"@type\":\"SearchAction\",\"target\":{\"@type\":\"EntryPoint\",\"urlTemplate\":\"https:\\\/\\\/psicoloria.com\\\/de\\\/?s={search_term_string}\"},\"query-input\":{\"@type\":\"PropertyValueSpecification\",\"valueRequired\":true,\"valueName\":\"search_term_string\"}}],\"inLanguage\":\"de\"},{\"@type\":\"Organization\",\"@id\":\"https:\\\/\\\/psicoloria.com\\\/de\\\/#organization\",\"name\":\"psicoloRia\",\"url\":\"https:\\\/\\\/psicoloria.com\\\/de\\\/\",\"logo\":{\"@type\":\"ImageObject\",\"inLanguage\":\"de\",\"@id\":\"https:\\\/\\\/psicoloria.com\\\/de\\\/#\\\/schema\\\/logo\\\/image\\\/\",\"url\":\"https:\\\/\\\/psicoloria.com\\\/wp-content\\\/uploads\\\/2025\\\/12\\\/Isotipo_Dark-Khaki-scaled.png\",\"contentUrl\":\"https:\\\/\\\/psicoloria.com\\\/wp-content\\\/uploads\\\/2025\\\/12\\\/Isotipo_Dark-Khaki-scaled.png\",\"width\":2560,\"height\":2048,\"caption\":\"psicoloRia\"},\"image\":{\"@id\":\"https:\\\/\\\/psicoloria.com\\\/de\\\/#\\\/schema\\\/logo\\\/image\\\/\"},\"sameAs\":[\"https:\\\/\\\/facebook.com\\\/profile.php?id=61557112541742\",\"https:\\\/\\\/instagram.com\\\/psicoloria__\",\"https:\\\/\\\/tiktok.com\\\/@psicoloria\",\"https:\\\/\\\/www.youtube.com\\\/@PsicoloRia\",\"https:\\\/\\\/linkedin.com\\\/company\\\/psicoloria\"]}]}<\/script>\n<!-- \/ Yoast SEO plugin. -->","yoast_head_json":{"title":"Pol\u00edtica de privacidad - CL\u00cdNICA PSICOLORIA","description":"Consulta la pol\u00edtica de privacidad de Psicolor\u00eda y descubre c\u00f3mo protegemos tus datos personales en nuestras terapias y servicios online.","robots":{"index":"index","follow":"follow","max-snippet":"max-snippet:-1","max-image-preview":"max-image-preview:large","max-video-preview":"max-video-preview:-1"},"canonical":"https:\/\/psicoloria.com\/de\/politica-de-privacidad\/","og_locale":"de_DE","og_type":"article","og_title":"Pol\u00edtica de privacidad - CL\u00cdNICA PSICOLORIA","og_description":"Consulta la pol\u00edtica de privacidad de Psicolor\u00eda y descubre c\u00f3mo protegemos tus datos personales en nuestras terapias y servicios online.","og_url":"https:\/\/psicoloria.com\/de\/politica-de-privacidad\/","og_site_name":"CL\u00cdNICA PSICOLORIA","article_publisher":"https:\/\/facebook.com\/profile.php?id=61557112541742","article_modified_time":"2025-12-23T09:18:23+00:00","og_image":[{"width":2560,"height":2048,"url":"https:\/\/psicoloria.com\/wp-content\/uploads\/2025\/12\/Isotipo_Dark-Khaki-scaled.png","type":"image\/png"}],"twitter_card":"summary_large_image","twitter_misc":{"Gesch\u00e4tzte Lesezeit":"3\u00a0Minuten"},"schema":{"@context":"https:\/\/schema.org","@graph":[{"@type":"WebPage","@id":"https:\/\/psicoloria.com\/de\/politica-de-privacidad\/","url":"https:\/\/psicoloria.com\/de\/politica-de-privacidad\/","name":"Pol\u00edtica de privacidad - CL\u00cdNICA PSICOLORIA","isPartOf":{"@id":"https:\/\/psicoloria.com\/de\/#website"},"datePublished":"2022-03-10T07:20:01+00:00","dateModified":"2025-12-23T09:18:23+00:00","description":"Consulta la pol\u00edtica de privacidad de Psicolor\u00eda y descubre c\u00f3mo protegemos tus datos personales en nuestras terapias y servicios online.","breadcrumb":{"@id":"https:\/\/psicoloria.com\/de\/politica-de-privacidad\/#breadcrumb"},"inLanguage":"de","potentialAction":[{"@type":"ReadAction","target":["https:\/\/psicoloria.com\/de\/politica-de-privacidad\/"]}]},{"@type":"BreadcrumbList","@id":"https:\/\/psicoloria.com\/de\/politica-de-privacidad\/#breadcrumb","itemListElement":[{"@type":"ListItem","position":1,"name":"Portada","item":"https:\/\/psicoloria.com\/de\/"},{"@type":"ListItem","position":2,"name":"Pol\u00edtica de privacidad"}]},{"@type":"WebSite","@id":"https:\/\/psicoloria.com\/de\/#website","url":"https:\/\/psicoloria.com\/de\/","name":"psicoloRia","description":"Terapia online en espa\u00f1ol, alem\u00e1n e ingl\u00e9s","publisher":{"@id":"https:\/\/psicoloria.com\/de\/#organization"},"potentialAction":[{"@type":"SearchAction","target":{"@type":"EntryPoint","urlTemplate":"https:\/\/psicoloria.com\/de\/?s={search_term_string}"},"query-input":{"@type":"PropertyValueSpecification","valueRequired":true,"valueName":"search_term_string"}}],"inLanguage":"de"},{"@type":"Organization","@id":"https:\/\/psicoloria.com\/de\/#organization","name":"psicoloRia","url":"https:\/\/psicoloria.com\/de\/","logo":{"@type":"ImageObject","inLanguage":"de","@id":"https:\/\/psicoloria.com\/de\/#\/schema\/logo\/image\/","url":"https:\/\/psicoloria.com\/wp-content\/uploads\/2025\/12\/Isotipo_Dark-Khaki-scaled.png","contentUrl":"https:\/\/psicoloria.com\/wp-content\/uploads\/2025\/12\/Isotipo_Dark-Khaki-scaled.png","width":2560,"height":2048,"caption":"psicoloRia"},"image":{"@id":"https:\/\/psicoloria.com\/de\/#\/schema\/logo\/image\/"},"sameAs":["https:\/\/facebook.com\/profile.php?id=61557112541742","https:\/\/instagram.com\/psicoloria__","https:\/\/tiktok.com\/@psicoloria","https:\/\/www.youtube.com\/@PsicoloRia","https:\/\/linkedin.com\/company\/psicoloria"]}]}},"_links":{"self":[{"href":"https:\/\/psicoloria.com\/de\/wp-json\/wp\/v2\/pages\/1255","targetHints":{"allow":["GET"]}}],"collection":[{"href":"https:\/\/psicoloria.com\/de\/wp-json\/wp\/v2\/pages"}],"about":[{"href":"https:\/\/psicoloria.com\/de\/wp-json\/wp\/v2\/types\/page"}],"author":[{"embeddable":true,"href":"https:\/\/psicoloria.com\/de\/wp-json\/wp\/v2\/users\/1"}],"replies":[{"embeddable":true,"href":"https:\/\/psicoloria.com\/de\/wp-json\/wp\/v2\/comments?post=1255"}],"version-history":[{"count":6,"href":"https:\/\/psicoloria.com\/de\/wp-json\/wp\/v2\/pages\/1255\/revisions"}],"predecessor-version":[{"id":3960,"href":"https:\/\/psicoloria.com\/de\/wp-json\/wp\/v2\/pages\/1255\/revisions\/3960"}],"wp:attachment":[{"href":"https:\/\/psicoloria.com\/de\/wp-json\/wp\/v2\/media?parent=1255"}],"curies":[{"name":"wp","href":"https:\/\/api.w.org\/{rel}","templated":true}]}}