{"id":1251,"date":"2024-06-29T08:07:01","date_gmt":"2024-06-29T06:07:01","guid":{"rendered":"https:\/\/psicoloria.com\/blog\/"},"modified":"2025-12-24T11:28:14","modified_gmt":"2025-12-24T10:28:14","slug":"blog","status":"publish","type":"page","link":"https:\/\/psicoloria.com\/de\/blog\/","title":{"rendered":"Blog"},"content":{"rendered":"<p>[et_pb_section fb_built=&#8220;1&#8243; admin_label=&#8220;Hero Section&#8220; _builder_version=&#8220;4.27.4&#8243; background_image=&#8220;https:\/\/psicoloria.com\/wp-content\/uploads\/2025\/12\/PSICOLOGIA-2-scaled-e1765537513165.jpg&#8220; custom_padding=&#8220;60px|0px|60px|0px&#8220; global_colors_info=&#8220;{}&#8220;][et_pb_row _builder_version=&#8220;4.16&#8243; background_size=&#8220;initial&#8220; background_position=&#8220;top_left&#8220; background_repeat=&#8220;repeat&#8220; global_colors_info=&#8220;{}&#8220;][et_pb_column type=&#8220;4_4&#8243; _builder_version=&#8220;4.16&#8243; custom_padding=&#8220;|||&#8220; pac_dcm_carousel_specific_module_num=&#8220;0&#8243; global_colors_info=&#8220;{}&#8220; custom_padding__hover=&#8220;|||&#8220;][et_pb_text admin_label=&#8220;Texto&#8220; _builder_version=&#8220;4.27.4&#8243; text_font=&#8220;||||||||&#8220; text_text_color=&#8220;rgba(255,255,255,0.8)&#8220; text_font_size=&#8220;22px&#8220; text_line_height=&#8220;1.8em&#8220; header_font=&#8220;Poppins|600|||||||&#8220; header_text_color=&#8220;#ffffff&#8220; header_font_size=&#8220;48px&#8220; header_line_height=&#8220;1.4em&#8220; header_3_font=&#8220;Poppins|600|||||||&#8220; header_3_font_size=&#8220;36px&#8220; header_3_line_height=&#8220;1.4em&#8220; background_layout=&#8220;dark&#8220; max_width=&#8220;600px&#8220; module_alignment=&#8220;left&#8220; custom_margin=&#8220;|||&#8220; locked=&#8220;off&#8220; global_colors_info=&#8220;{}&#8220;]<\/p>\n<h1>Blog<\/h1>\n<p>Deine Ecke f\u00fcr Ideen und Werkzeuge.<br \/>Einfache Artikel und Reflexionen, damit du Psychologie, Yoga und Meditation in deinen Alltag integrieren kannst.<\/p>\n<p>[\/et_pb_text][\/et_pb_column][\/et_pb_row][\/et_pb_section][et_pb_section fb_built=&#8220;1&#8243; _builder_version=&#8220;4.27.4&#8243; _module_preset=&#8220;default&#8220; background_color=&#8220;#FFFBF0&#8243; use_background_color_gradient=&#8220;on&#8220; background_color_gradient_stops=&#8220;#e8d6c2 0%|#fffbf0 100%&#8220; global_colors_info=&#8220;{}&#8220;][et_pb_row _builder_version=&#8220;4.25.2&#8243; _module_preset=&#8220;default&#8220; global_colors_info=&#8220;{}&#8220;][et_pb_column type=&#8220;4_4&#8243; _builder_version=&#8220;4.25.2&#8243; _module_preset=&#8220;default&#8220; pac_dcm_carousel_specific_module_num=&#8220;0&#8243; global_colors_info=&#8220;{}&#8220;][et_pb_text admin_label=&#8220;Texto&#8220; _builder_version=&#8220;4.27.4&#8243; _module_preset=&#8220;default&#8220; header_3_font=&#8220;|600|||||||&#8220; header_3_text_color=&#8220;#27260A&#8220; global_colors_info=&#8220;{}&#8220;]<\/p>\n<h3 class=\"cvGsUA direction-ltr align-start para-style-body\"><span class=\"a_GcMg font-feature-liga-off font-feature-clig-off font-feature-calt-off text-decoration-none text-strikethrough-none\">Bei psicoloRia lieben wir es, unser Wissen mit dir zu teilen.<\/span><\/h3>\n<p class=\"cvGsUA direction-ltr align-start para-style-body\"><span class=\"a_GcMg font-feature-liga-off font-feature-clig-off font-feature-calt-off text-decoration-none text-strikethrough-none\">Dieser Blog ist wie mein virtuelles Caf\u00e9: ein ruhiger Ort, an dem ich Reflexionen, praktische Tipps und Techniken f\u00fcr das Emotionsmanagement und pers\u00f6nliches Wachstum teile. Dabei spreche ich nicht nur \u00fcber die neuesten Trends in der mentalen Gesundheit, sondern vor allem dar\u00fcber, wie du all das in deinem echten Leben anwenden kannst \u2013 ganz bequem von zu Hause aus. <\/span><\/p>\n<h3 class=\"cvGsUA direction-ltr align-start para-style-body\"><span class=\"a_GcMg font-feature-liga-off font-feature-clig-off font-feature-calt-off text-decoration-none text-strikethrough-none\">Ich m\u00f6chte, dass du dich begleitet f\u00fchlst. <\/span><\/h3>\n<p class=\"cvGsUA direction-ltr align-start para-style-body\"><span class=\"a_GcMg font-feature-liga-off font-feature-clig-off font-feature-calt-off text-decoration-none text-strikethrough-none\">Hier findest du auch Werkzeuge, um dein Selbstwertgef\u00fchl zu st\u00e4rken, Stress zu bew\u00e4ltigen und letztendlich zu lernen, erf\u00fcllter und bewusster zu leben. Au\u00dferdem gibt es Erkl\u00e4rungen und Videos zu gef\u00fchrten Meditationen und Yoga-Challenges. <\/span><\/p>\n<p class=\"cvGsUA direction-ltr align-start para-style-body\"><span class=\"a_GcMg font-feature-liga-off font-feature-clig-off font-feature-calt-off text-decoration-none text-strikethrough-none\">Folge unseren Ver\u00f6ffentlichungen und entdecke gemeinsam mit uns, wie du dein Leben von innen heraus transformieren kannst!<\/span><\/p>\n<p class=\"cvGsUA direction-ltr align-start para-style-body\"><span class=\"a_GcMg font-feature-liga-off font-feature-clig-off font-feature-calt-off text-decoration-none text-strikethrough-none\"><\/span><\/p>\n<p>BLOG: NUR AUF SPANISCH VERF\u00dcGBAR.<\/p>\n<p>[\/et_pb_text][et_pb_button button_url=&#8220;https:\/\/psicoloria.com\/de\/contacto\/&#8220; button_text=&#8220;Nimm Kontakt auf&#8220; button_alignment=&#8220;center&#8220; disabled_on=&#8220;on|on|off&#8220; admin_label=&#8220;Bot\u00f3n&#8220; _builder_version=&#8220;4.27.4&#8243; _module_preset=&#8220;default&#8220; custom_button=&#8220;on&#8220; button_text_size=&#8220;20px&#8220; button_text_color=&#8220;#FFFBF0&#8243; button_bg_color=&#8220;#27260A&#8220; button_border_width=&#8220;0px&#8220; button_border_radius=&#8220;89px&#8220; button_use_icon=&#8220;off&#8220; position_origin_f=&#8220;bottom_right&#8220; vertical_offset=&#8220;33px&#8220; horizontal_offset=&#8220;40px&#8220; custom_margin=&#8220;|3px|1px|-1px||&#8220; custom_padding=&#8220;0px|||||&#8220; hover_enabled=&#8220;0&#8243; button_text_size_tablet=&#8220;25px&#8220; button_text_size_phone=&#8220;20px&#8220; button_text_size_last_edited=&#8220;on|desktop&#8220; locked=&#8220;off&#8220; global_colors_info=&#8220;{}&#8220; sticky_enabled=&#8220;0&#8243;][\/et_pb_button][\/et_pb_column][\/et_pb_row][\/et_pb_section][et_pb_section fb_built=&#8220;1&#8243; custom_padding_last_edited=&#8220;on|phone&#8220; _builder_version=&#8220;4.27.4&#8243; _module_preset=&#8220;default&#8220; background_color=&#8220;#E8D6C2&#8243; custom_padding=&#8220;0px||0px|||&#8220; custom_padding_tablet=&#8220;0px||0px|||&#8220; custom_padding_phone=&#8220;||77px||false|false&#8220; global_colors_info=&#8220;{}&#8220;][et_pb_row column_structure=&#8220;1_4,1_4,1_4,1_4&#8243; _builder_version=&#8220;4.27.4&#8243; _module_preset=&#8220;default&#8220; width=&#8220;381.7%&#8220; module_alignment=&#8220;center&#8220; custom_margin=&#8220;|148px||148px||true&#8220; custom_padding=&#8220;|0px||0px||&#8220; global_colors_info=&#8220;{}&#8220;][et_pb_column type=&#8220;1_4&#8243; _builder_version=&#8220;4.27.4&#8243; _module_preset=&#8220;default&#8220; pac_dcm_carousel_specific_module_num=&#8220;0&#8243; global_colors_info=&#8220;{}&#8220;][et_pb_text _builder_version=&#8220;4.27.4&#8243; _module_preset=&#8220;default&#8220; width=&#8220;100%&#8220; custom_padding=&#8220;|||33px||&#8220; global_colors_info=&#8220;{}&#8220;]<\/p>\n<p><strong>Social Media<\/strong><strong><\/strong><\/p>\n<p>[\/et_pb_text][et_pb_social_media_follow _builder_version=&#8220;4.27.4&#8243; _module_preset=&#8220;default&#8220; text_orientation=&#8220;left&#8220; width=&#8220;100%&#8220; custom_padding=&#8220;|33px||33px||&#8220; global_colors_info=&#8220;{}&#8220;][et_pb_social_media_follow_network social_network=&#8220;youtube&#8220; url=&#8220;https:\/\/www.youtube.com\/@PsicoloRia&#8220; icon_color=&#8220;#FFFBF0&#8243; _builder_version=&#8220;4.27.4&#8243; _module_preset=&#8220;default&#8220; background_color=&#8220;#D89248&#8243; background_enable_color=&#8220;on&#8220; global_colors_info=&#8220;{}&#8220; follow_button=&#8220;off&#8220; url_new_window=&#8220;on&#8220;]youtube[\/et_pb_social_media_follow_network][et_pb_social_media_follow_network social_network=&#8220;instagram&#8220; url=&#8220;http:\/\/instagram.com\/psicoloria__&#8220; icon_color=&#8220;#FFFBF0&#8243; _builder_version=&#8220;4.27.4&#8243; _module_preset=&#8220;default&#8220; background_color=&#8220;#D89248&#8243; background_enable_color=&#8220;on&#8220; global_colors_info=&#8220;{}&#8220; follow_button=&#8220;off&#8220; url_new_window=&#8220;on&#8220;]instagram[\/et_pb_social_media_follow_network][et_pb_social_media_follow_network social_network=&#8220;tiktok&#8220; url=&#8220;http:\/\/tiktok.com\/@psicoloria&#8220; icon_color=&#8220;#FFFBF0&#8243; _builder_version=&#8220;4.27.4&#8243; _module_preset=&#8220;default&#8220; background_color=&#8220;#D89248&#8243; background_enable_color=&#8220;on&#8220; global_colors_info=&#8220;{}&#8220; follow_button=&#8220;off&#8220; url_new_window=&#8220;on&#8220;]tiktok[\/et_pb_social_media_follow_network][et_pb_social_media_follow_network social_network=&#8220;linkedin&#8220; url=&#8220;http:\/\/linkedin.com\/company\/psicoloria&#8220; icon_color=&#8220;#FFFBF0&#8243; _builder_version=&#8220;4.27.4&#8243; _module_preset=&#8220;default&#8220; background_color=&#8220;#D89248&#8243; background_enable_color=&#8220;on&#8220; global_colors_info=&#8220;{}&#8220; follow_button=&#8220;off&#8220; url_new_window=&#8220;on&#8220;]linkedin[\/et_pb_social_media_follow_network][et_pb_social_media_follow_network social_network=&#8220;facebook&#8220; url=&#8220;http:\/\/facebook.com\/profile.php?id=61557112541742&#8243; _builder_version=&#8220;4.27.4&#8243; _module_preset=&#8220;default&#8220; background_color=&#8220;#D89248&#8243; background_enable_color=&#8220;on&#8220; global_colors_info=&#8220;{}&#8220; follow_button=&#8220;off&#8220; url_new_window=&#8220;on&#8220;]facebook[\/et_pb_social_media_follow_network][\/et_pb_social_media_follow][\/et_pb_column][et_pb_column type=&#8220;1_4&#8243; _builder_version=&#8220;4.27.4&#8243; _module_preset=&#8220;default&#8220; pac_dcm_carousel_specific_module_num=&#8220;0&#8243; global_colors_info=&#8220;{}&#8220;][et_pb_text _builder_version=&#8220;4.27.4&#8243; _module_preset=&#8220;default&#8220; min_height=&#8220;1.8px&#8220; custom_padding=&#8220;|||33px||&#8220; global_colors_info=&#8220;{}&#8220;]<\/p>\n<p><strong>Kontakt<\/strong><\/p>\n<p><span class=\"a_GcMg font-feature-liga-off font-feature-clig-off font-feature-calt-off text-decoration-none text-strikethrough-none\">WhatsApp (+34) 685 768 719<\/span><\/p>\n<p><span class=\"a_GcMg font-feature-liga-off font-feature-clig-off font-feature-calt-off text-decoration-none text-strikethrough-none\">contacto@psicoloria.com<\/span><\/p>\n<p>[\/et_pb_text][\/et_pb_column][et_pb_column type=&#8220;1_4&#8243; _builder_version=&#8220;4.27.4&#8243; _module_preset=&#8220;default&#8220; pac_dcm_carousel_specific_module_num=&#8220;0&#8243; global_colors_info=&#8220;{}&#8220;][et_pb_text _builder_version=&#8220;4.27.4&#8243; _module_preset=&#8220;default&#8220; min_height=&#8220;1.8px&#8220; custom_padding=&#8220;|||33px||&#8220; global_colors_info=&#8220;{}&#8220;]<\/p>\n<p><strong>Standort<\/strong><\/p>\n<p>Online<\/p>\n<p>Sanchinarro, Madrid<\/p>\n<p>[\/et_pb_text][\/et_pb_column][et_pb_column type=&#8220;1_4&#8243; _builder_version=&#8220;4.27.4&#8243; _module_preset=&#8220;default&#8220; pac_dcm_carousel_specific_module_num=&#8220;0&#8243; global_colors_info=&#8220;{}&#8220;][et_pb_text _builder_version=&#8220;4.27.4&#8243; _module_preset=&#8220;default&#8220; width=&#8220;100%&#8220; min_height=&#8220;1.8px&#8220; custom_padding=&#8220;|0px||33px||&#8220; global_colors_info=&#8220;{}&#8220;]<\/p>\n<p><strong><span class=\"a_GcMg font-feature-liga-off font-feature-clig-off font-feature-calt-off text-decoration-none text-strikethrough-none\">Uhrzeiten<\/span><\/strong><\/p>\n<p>Montag bis Donnerstag von 08:00 bis 20:00<\/p>\n<p>Freitag von 08:00 bis 14:00<\/p>\n<p>[\/et_pb_text][\/et_pb_column][\/et_pb_row][et_pb_row _builder_version=&#8220;4.27.4&#8243; _module_preset=&#8220;default&#8220; global_colors_info=&#8220;{}&#8220;][et_pb_column type=&#8220;4_4&#8243; _builder_version=&#8220;4.27.4&#8243; _module_preset=&#8220;default&#8220; pac_dcm_carousel_specific_module_num=&#8220;0&#8243; global_colors_info=&#8220;{}&#8220;][et_pb_text _builder_version=&#8220;4.27.4&#8243; _module_preset=&#8220;default&#8220; text_font=&#8220;|600|||||||&#8220; text_text_color=&#8220;#27260A&#8220; link_font=&#8220;||||on||||&#8220; link_text_color=&#8220;#FFFFFF&#8220; text_orientation=&#8220;center&#8220; text_orientation_tablet=&#8220;&#8220; text_orientation_phone=&#8220;center&#8220; text_orientation_last_edited=&#8220;on|phone&#8220; global_colors_info=&#8220;{}&#8220;]<\/p>\n<p><span style=\"color: #26270a;\">\u00a9Psicoloria 2025. <a href=\"https:\/\/psicoloria.com\/de\/aviso-legal\/\" target=\"_self\" rel=\"noopener\" style=\"color: #26270a;\">Rechtliche Hinweise<\/a> &#8211; <a href=\"https:\/\/psicoloria.com\/de\/politica-de-privacidad\/\" target=\"_self\" rel=\"noopener\" style=\"color: #26270a;\">Datenschutz<\/a> &#8211; <a href=\"https:\/\/psicoloria.com\/de\/contacto\/\" style=\"color: #26270a;\">Kontakt <\/a>&#8211; <a href=\"https:\/\/psicoloria.com\/de\/declaracion-accesibilidad\/\" style=\"color: #26270a;\">Barrierefreiheit<\/a><\/span><\/p>\n<p>[\/et_pb_text][et_pb_image src=&#8220;https:\/\/psicoloria.com\/wp-content\/uploads\/2024\/08\/footer-kit-digital.png&#8220; alt=&#8220;Logos der Europ\u00e4ischen Union, der spanischen Regierung und des Plans f\u00fcr Erholung, Transformation und Widerstandsf\u00e4higkeit.&#8220; title_text=&#8220;footer-kit-digital&#8220; url=&#8220;https:\/\/planderecuperacion.gob.es\/&#8220; align=&#8220;center&#8220; _builder_version=&#8220;4.27.4&#8243; _module_preset=&#8220;default&#8220; background_color=&#8220;RGBA(255,255,255,0)&#8220; global_colors_info=&#8220;{}&#8220;][\/et_pb_image][\/et_pb_column][\/et_pb_row][\/et_pb_section]<\/p>\n","protected":false},"excerpt":{"rendered":"<p>Blog Deine Ecke f\u00fcr Ideen und Werkzeuge.Einfache Artikel und Reflexionen, damit du Psychologie, Yoga und Meditation in deinen Alltag integrieren kannst.Bei psicoloRia lieben wir es, unser Wissen mit dir zu teilen. Dieser Blog ist wie mein virtuelles Caf\u00e9: ein ruhiger Ort, an dem ich Reflexionen, praktische Tipps und Techniken f\u00fcr das Emotionsmanagement und pers\u00f6nliches Wachstum [&hellip;]<\/p>\n","protected":false},"author":1,"featured_media":4073,"parent":0,"menu_order":0,"comment_status":"closed","ping_status":"closed","template":"","meta":{"_et_pb_use_builder":"on","_et_pb_old_content":"","_et_gb_content_width":"","footnotes":""},"class_list":["post-1251","page","type-page","status-publish","has-post-thumbnail","hentry"],"yoast_head":"<!-- This site is optimized with the Yoast SEO plugin v27.4 - https:\/\/yoast.com\/product\/yoast-seo-wordpress\/ -->\n<title>Blog - CL\u00cdNICA PSICOLORIA<\/title>\n<meta name=\"description\" content=\"Der Blog von Psicoloria mit praktischen und aktuellen Ratschl\u00e4gen zur Verbesserung Ihres emotionalen Wohlbefindens, von einer Klinik, die sich f\u00fcr Menschen einsetzt.\" \/>\n<meta name=\"robots\" content=\"index, follow, max-snippet:-1, max-image-preview:large, max-video-preview:-1\" \/>\n<link rel=\"canonical\" href=\"https:\/\/psicoloria.com\/de\/blog\/\" \/>\n<meta property=\"og:locale\" content=\"de_DE\" \/>\n<meta property=\"og:type\" content=\"article\" \/>\n<meta property=\"og:title\" content=\"Blog - CL\u00cdNICA PSICOLORIA\" \/>\n<meta property=\"og:description\" content=\"Der Blog von Psicoloria mit praktischen und aktuellen Ratschl\u00e4gen zur Verbesserung Ihres emotionalen Wohlbefindens, von einer Klinik, die sich f\u00fcr Menschen einsetzt.\" \/>\n<meta property=\"og:url\" content=\"https:\/\/psicoloria.com\/de\/blog\/\" \/>\n<meta property=\"og:site_name\" content=\"CL\u00cdNICA PSICOLORIA\" \/>\n<meta property=\"article:publisher\" content=\"https:\/\/facebook.com\/profile.php?id=61557112541742\" \/>\n<meta property=\"article:modified_time\" content=\"2025-12-24T10:28:14+00:00\" \/>\n<meta property=\"og:image\" content=\"https:\/\/psicoloria.com\/wp-content\/uploads\/2025\/12\/Isotipo_Dark-Khaki-scaled.png\" \/>\n\t<meta property=\"og:image:width\" content=\"2560\" \/>\n\t<meta property=\"og:image:height\" content=\"2048\" \/>\n\t<meta property=\"og:image:type\" content=\"image\/png\" \/>\n<meta name=\"twitter:card\" content=\"summary_large_image\" \/>\n<meta name=\"twitter:label1\" content=\"Gesch\u00e4tzte Lesezeit\" \/>\n\t<meta name=\"twitter:data1\" content=\"5\u00a0Minuten\" \/>\n<script type=\"application\/ld+json\" class=\"yoast-schema-graph\">{\"@context\":\"https:\\\/\\\/schema.org\",\"@graph\":[{\"@type\":\"WebPage\",\"@id\":\"https:\\\/\\\/psicoloria.com\\\/de\\\/blog\\\/\",\"url\":\"https:\\\/\\\/psicoloria.com\\\/de\\\/blog\\\/\",\"name\":\"Blog - CL\u00cdNICA PSICOLORIA\",\"isPartOf\":{\"@id\":\"https:\\\/\\\/psicoloria.com\\\/de\\\/#website\"},\"primaryImageOfPage\":{\"@id\":\"https:\\\/\\\/psicoloria.com\\\/de\\\/blog\\\/#primaryimage\"},\"image\":{\"@id\":\"https:\\\/\\\/psicoloria.com\\\/de\\\/blog\\\/#primaryimage\"},\"thumbnailUrl\":\"https:\\\/\\\/psicoloria.com\\\/wp-content\\\/uploads\\\/2025\\\/12\\\/Perfil_beige.jpg\",\"datePublished\":\"2024-06-29T06:07:01+00:00\",\"dateModified\":\"2025-12-24T10:28:14+00:00\",\"description\":\"Der Blog von Psicoloria mit praktischen und aktuellen Ratschl\u00e4gen zur Verbesserung Ihres emotionalen Wohlbefindens, von einer Klinik, die sich f\u00fcr Menschen einsetzt.\",\"breadcrumb\":{\"@id\":\"https:\\\/\\\/psicoloria.com\\\/de\\\/blog\\\/#breadcrumb\"},\"inLanguage\":\"de\",\"potentialAction\":[{\"@type\":\"ReadAction\",\"target\":[\"https:\\\/\\\/psicoloria.com\\\/de\\\/blog\\\/\"]}]},{\"@type\":\"ImageObject\",\"inLanguage\":\"de\",\"@id\":\"https:\\\/\\\/psicoloria.com\\\/de\\\/blog\\\/#primaryimage\",\"url\":\"https:\\\/\\\/psicoloria.com\\\/wp-content\\\/uploads\\\/2025\\\/12\\\/Perfil_beige.jpg\",\"contentUrl\":\"https:\\\/\\\/psicoloria.com\\\/wp-content\\\/uploads\\\/2025\\\/12\\\/Perfil_beige.jpg\",\"width\":833,\"height\":833,\"caption\":\"Logotipo principal de psicoloRia con s\u00edmbolo de trazo continuo y nombre de marca sobre fondo beige degradado.\"},{\"@type\":\"BreadcrumbList\",\"@id\":\"https:\\\/\\\/psicoloria.com\\\/de\\\/blog\\\/#breadcrumb\",\"itemListElement\":[{\"@type\":\"ListItem\",\"position\":1,\"name\":\"Portada\",\"item\":\"https:\\\/\\\/psicoloria.com\\\/de\\\/\"},{\"@type\":\"ListItem\",\"position\":2,\"name\":\"Blog\"}]},{\"@type\":\"WebSite\",\"@id\":\"https:\\\/\\\/psicoloria.com\\\/de\\\/#website\",\"url\":\"https:\\\/\\\/psicoloria.com\\\/de\\\/\",\"name\":\"psicoloRia\",\"description\":\"Terapia online en espa\u00f1ol, alem\u00e1n e ingl\u00e9s\",\"publisher\":{\"@id\":\"https:\\\/\\\/psicoloria.com\\\/de\\\/#organization\"},\"potentialAction\":[{\"@type\":\"SearchAction\",\"target\":{\"@type\":\"EntryPoint\",\"urlTemplate\":\"https:\\\/\\\/psicoloria.com\\\/de\\\/?s={search_term_string}\"},\"query-input\":{\"@type\":\"PropertyValueSpecification\",\"valueRequired\":true,\"valueName\":\"search_term_string\"}}],\"inLanguage\":\"de\"},{\"@type\":\"Organization\",\"@id\":\"https:\\\/\\\/psicoloria.com\\\/de\\\/#organization\",\"name\":\"psicoloRia\",\"url\":\"https:\\\/\\\/psicoloria.com\\\/de\\\/\",\"logo\":{\"@type\":\"ImageObject\",\"inLanguage\":\"de\",\"@id\":\"https:\\\/\\\/psicoloria.com\\\/de\\\/#\\\/schema\\\/logo\\\/image\\\/\",\"url\":\"https:\\\/\\\/psicoloria.com\\\/wp-content\\\/uploads\\\/2025\\\/12\\\/Isotipo_Dark-Khaki-scaled.png\",\"contentUrl\":\"https:\\\/\\\/psicoloria.com\\\/wp-content\\\/uploads\\\/2025\\\/12\\\/Isotipo_Dark-Khaki-scaled.png\",\"width\":2560,\"height\":2048,\"caption\":\"psicoloRia\"},\"image\":{\"@id\":\"https:\\\/\\\/psicoloria.com\\\/de\\\/#\\\/schema\\\/logo\\\/image\\\/\"},\"sameAs\":[\"https:\\\/\\\/facebook.com\\\/profile.php?id=61557112541742\",\"https:\\\/\\\/instagram.com\\\/psicoloria__\",\"https:\\\/\\\/tiktok.com\\\/@psicoloria\",\"https:\\\/\\\/www.youtube.com\\\/@PsicoloRia\",\"https:\\\/\\\/linkedin.com\\\/company\\\/psicoloria\"]}]}<\/script>\n<!-- \/ Yoast SEO plugin. -->","yoast_head_json":{"title":"Blog - CL\u00cdNICA PSICOLORIA","description":"Der Blog von Psicoloria mit praktischen und aktuellen Ratschl\u00e4gen zur Verbesserung Ihres emotionalen Wohlbefindens, von einer Klinik, die sich f\u00fcr Menschen einsetzt.","robots":{"index":"index","follow":"follow","max-snippet":"max-snippet:-1","max-image-preview":"max-image-preview:large","max-video-preview":"max-video-preview:-1"},"canonical":"https:\/\/psicoloria.com\/de\/blog\/","og_locale":"de_DE","og_type":"article","og_title":"Blog - CL\u00cdNICA PSICOLORIA","og_description":"Der Blog von Psicoloria mit praktischen und aktuellen Ratschl\u00e4gen zur Verbesserung Ihres emotionalen Wohlbefindens, von einer Klinik, die sich f\u00fcr Menschen einsetzt.","og_url":"https:\/\/psicoloria.com\/de\/blog\/","og_site_name":"CL\u00cdNICA PSICOLORIA","article_publisher":"https:\/\/facebook.com\/profile.php?id=61557112541742","article_modified_time":"2025-12-24T10:28:14+00:00","og_image":[{"width":2560,"height":2048,"url":"https:\/\/psicoloria.com\/wp-content\/uploads\/2025\/12\/Isotipo_Dark-Khaki-scaled.png","type":"image\/png"}],"twitter_card":"summary_large_image","twitter_misc":{"Gesch\u00e4tzte Lesezeit":"5\u00a0Minuten"},"schema":{"@context":"https:\/\/schema.org","@graph":[{"@type":"WebPage","@id":"https:\/\/psicoloria.com\/de\/blog\/","url":"https:\/\/psicoloria.com\/de\/blog\/","name":"Blog - CL\u00cdNICA PSICOLORIA","isPartOf":{"@id":"https:\/\/psicoloria.com\/de\/#website"},"primaryImageOfPage":{"@id":"https:\/\/psicoloria.com\/de\/blog\/#primaryimage"},"image":{"@id":"https:\/\/psicoloria.com\/de\/blog\/#primaryimage"},"thumbnailUrl":"https:\/\/psicoloria.com\/wp-content\/uploads\/2025\/12\/Perfil_beige.jpg","datePublished":"2024-06-29T06:07:01+00:00","dateModified":"2025-12-24T10:28:14+00:00","description":"Der Blog von Psicoloria mit praktischen und aktuellen Ratschl\u00e4gen zur Verbesserung Ihres emotionalen Wohlbefindens, von einer Klinik, die sich f\u00fcr Menschen einsetzt.","breadcrumb":{"@id":"https:\/\/psicoloria.com\/de\/blog\/#breadcrumb"},"inLanguage":"de","potentialAction":[{"@type":"ReadAction","target":["https:\/\/psicoloria.com\/de\/blog\/"]}]},{"@type":"ImageObject","inLanguage":"de","@id":"https:\/\/psicoloria.com\/de\/blog\/#primaryimage","url":"https:\/\/psicoloria.com\/wp-content\/uploads\/2025\/12\/Perfil_beige.jpg","contentUrl":"https:\/\/psicoloria.com\/wp-content\/uploads\/2025\/12\/Perfil_beige.jpg","width":833,"height":833,"caption":"Logotipo principal de psicoloRia con s\u00edmbolo de trazo continuo y nombre de marca sobre fondo beige degradado."},{"@type":"BreadcrumbList","@id":"https:\/\/psicoloria.com\/de\/blog\/#breadcrumb","itemListElement":[{"@type":"ListItem","position":1,"name":"Portada","item":"https:\/\/psicoloria.com\/de\/"},{"@type":"ListItem","position":2,"name":"Blog"}]},{"@type":"WebSite","@id":"https:\/\/psicoloria.com\/de\/#website","url":"https:\/\/psicoloria.com\/de\/","name":"psicoloRia","description":"Terapia online en espa\u00f1ol, alem\u00e1n e ingl\u00e9s","publisher":{"@id":"https:\/\/psicoloria.com\/de\/#organization"},"potentialAction":[{"@type":"SearchAction","target":{"@type":"EntryPoint","urlTemplate":"https:\/\/psicoloria.com\/de\/?s={search_term_string}"},"query-input":{"@type":"PropertyValueSpecification","valueRequired":true,"valueName":"search_term_string"}}],"inLanguage":"de"},{"@type":"Organization","@id":"https:\/\/psicoloria.com\/de\/#organization","name":"psicoloRia","url":"https:\/\/psicoloria.com\/de\/","logo":{"@type":"ImageObject","inLanguage":"de","@id":"https:\/\/psicoloria.com\/de\/#\/schema\/logo\/image\/","url":"https:\/\/psicoloria.com\/wp-content\/uploads\/2025\/12\/Isotipo_Dark-Khaki-scaled.png","contentUrl":"https:\/\/psicoloria.com\/wp-content\/uploads\/2025\/12\/Isotipo_Dark-Khaki-scaled.png","width":2560,"height":2048,"caption":"psicoloRia"},"image":{"@id":"https:\/\/psicoloria.com\/de\/#\/schema\/logo\/image\/"},"sameAs":["https:\/\/facebook.com\/profile.php?id=61557112541742","https:\/\/instagram.com\/psicoloria__","https:\/\/tiktok.com\/@psicoloria","https:\/\/www.youtube.com\/@PsicoloRia","https:\/\/linkedin.com\/company\/psicoloria"]}]}},"_links":{"self":[{"href":"https:\/\/psicoloria.com\/de\/wp-json\/wp\/v2\/pages\/1251","targetHints":{"allow":["GET"]}}],"collection":[{"href":"https:\/\/psicoloria.com\/de\/wp-json\/wp\/v2\/pages"}],"about":[{"href":"https:\/\/psicoloria.com\/de\/wp-json\/wp\/v2\/types\/page"}],"author":[{"embeddable":true,"href":"https:\/\/psicoloria.com\/de\/wp-json\/wp\/v2\/users\/1"}],"replies":[{"embeddable":true,"href":"https:\/\/psicoloria.com\/de\/wp-json\/wp\/v2\/comments?post=1251"}],"version-history":[{"count":15,"href":"https:\/\/psicoloria.com\/de\/wp-json\/wp\/v2\/pages\/1251\/revisions"}],"predecessor-version":[{"id":4047,"href":"https:\/\/psicoloria.com\/de\/wp-json\/wp\/v2\/pages\/1251\/revisions\/4047"}],"wp:featuredmedia":[{"embeddable":true,"href":"https:\/\/psicoloria.com\/de\/wp-json\/wp\/v2\/media\/4073"}],"wp:attachment":[{"href":"https:\/\/psicoloria.com\/de\/wp-json\/wp\/v2\/media?parent=1251"}],"curies":[{"name":"wp","href":"https:\/\/api.w.org\/{rel}","templated":true}]}}